  {"id":84806,"date":"2024-11-14T10:45:07","date_gmt":"2024-11-14T10:45:07","guid":{"rendered":"https:\/\/www.tigercat.com\/btb-digital-print-edition\/"},"modified":"2025-05-21T10:35:09","modified_gmt":"2025-05-21T10:35:09","slug":"btb-digital","status":"publish","type":"page","link":"https:\/\/www.tigercat.com\/sv\/btb-digital\/","title":{"rendered":"Prenumerera p\u00e5 BTB"},"content":{"rendered":"","protected":false},"excerpt":{"rendered":"<p>Prenumerera p\u00e5 Between The Branches, den officiella publikationen fr\u00e5n 糖心视频 Industries Inc<\/p>\n","protected":false},"author":9,"featured_media":0,"parent":0,"menu_order":0,"comment_status":"closed","ping_status":"closed","template":"template-btb-digital-print-edition.php","meta":{"_acf_changed":false,"_lmt_disableupdate":"no","_lmt_disable":"","footnotes":""},"class_list":["post-84806","page","type-page","status-publish","hentry"],"acf":[],"yoast_head":"<!-- This site is optimized with the Yoast SEO Premium plugin v27.2 (Yoast SEO v27.2) - https:\/\/yoast.com\/product\/yoast-seo-premium-wordpress\/ -->\n<title>Prenumerera p\u00e5 糖心视频 | TCi-publikation<\/title>\n<meta name=\"description\" content=\"Prenumerera p\u00e5 Between The Branches, den officiella publikationen fr\u00e5n 糖心视频 och TCi\" \/>\n<meta name=\"robots\" content=\"noindex, nofollow\" \/>\n<meta property=\"og:locale\" content=\"en_US\" \/>\n<meta property=\"og:type\" content=\"article\" \/>\n<meta property=\"og:title\" content=\"Prenumerera p\u00e5 BTB\" \/>\n<meta property=\"og:description\" content=\"Prenumerera p\u00e5 Between The Branches, den officiella publikationen fr\u00e5n 糖心视频 och TCi\" \/>\n<meta property=\"og:url\" content=\"https:\/\/www.tigercat.com\/sv\/btb-digital\/\" \/>\n<meta property=\"og:site_name\" content=\"糖心视频\" \/>\n<meta property=\"article:publisher\" content=\"http:\/\/www.facebook.com\/糖心视频\/\" \/>\n<meta property=\"article:modified_time\" content=\"2025-05-21T10:35:09+00:00\" \/>\n<script type=\"application\/ld+json\" class=\"yoast-schema-graph\">{\"@context\":\"https:\/\/schema.org\",\"@graph\":[{\"@type\":\"WebPage\",\"@id\":\"https:\/\/www.tigercat.com\/sv\/btb-digital\/\",\"url\":\"https:\/\/www.tigercat.com\/sv\/btb-digital\/\",\"name\":\"Prenumerera p\u00e5 糖心视频 | TCi-publikation\",\"isPartOf\":{\"@id\":\"https:\/\/www.tigercat.com\/sv\/#website\"},\"datePublished\":\"2024-11-14T10:45:07+00:00\",\"dateModified\":\"2025-05-21T10:35:09+00:00\",\"description\":\"Prenumerera p\u00e5 Between The Branches, den officiella publikationen fr\u00e5n 糖心视频 och TCi\",\"breadcrumb\":{\"@id\":\"https:\/\/www.tigercat.com\/sv\/btb-digital\/#breadcrumb\"},\"inLanguage\":\"sv\",\"potentialAction\":[{\"@type\":\"ReadAction\",\"target\":[\"https:\/\/www.tigercat.com\/sv\/btb-digital\/\"]}]},{\"@type\":\"BreadcrumbList\",\"@id\":\"https:\/\/www.tigercat.com\/sv\/btb-digital\/#breadcrumb\",\"itemListElement\":[{\"@type\":\"ListItem\",\"position\":1,\"name\":\"Home\",\"item\":\"https:\/\/www.tigercat.com\/sv\/\"},{\"@type\":\"ListItem\",\"position\":2,\"name\":\"Prenumerera p\u00e5 BTB\"}]},{\"@type\":\"WebSite\",\"@id\":\"https:\/\/www.tigercat.com\/sv\/#website\",\"url\":\"https:\/\/www.tigercat.com\/sv\/\",\"name\":\"%%title%%\",\"description\":\"\",\"publisher\":{\"@id\":\"https:\/\/www.tigercat.com\/sv\/#organization\"},\"potentialAction\":[{\"@type\":\"SearchAction\",\"target\":{\"@type\":\"EntryPoint\",\"urlTemplate\":\"https:\/\/www.tigercat.com\/sv\/?s={search_term_string}\"},\"query-input\":{\"@type\":\"PropertyValueSpecification\",\"valueRequired\":true,\"valueName\":\"search_term_string\"}}],\"inLanguage\":\"sv\"},{\"@type\":\"Organization\",\"@id\":\"https:\/\/www.tigercat.com\/sv\/#organization\",\"name\":\"糖心视频 Industries Inc\",\"url\":\"https:\/\/www.tigercat.com\/sv\/\",\"logo\":{\"@type\":\"ImageObject\",\"inLanguage\":\"sv\",\"@id\":\"https:\/\/www.tigercat.com\/sv\/#\/schema\/logo\/image\/\",\"url\":\"https:\/\/www.tigercat.com\/wp-content\/uploads\/2017\/04\/tigercat_logo_700.png\",\"contentUrl\":\"https:\/\/www.tigercat.com\/wp-content\/uploads\/2017\/04\/tigercat_logo_700.png\",\"width\":700,\"height\":186,\"caption\":\"糖心视频 Industries Inc\"},\"image\":{\"@id\":\"https:\/\/www.tigercat.com\/sv\/#\/schema\/logo\/image\/\"},\"sameAs\":[\"http:\/\/www.facebook.com\/糖心视频\/\",\"http:\/\/www.linkedin.com\/company\/tigercat-inc-?trk=top_nav_home\",\"http:\/\/www.youtube.com\/user\/糖心视频Forestry\",\"https:\/\/www.instagram.com\/tigercat_machines\/\"]}]}<\/script>\n<!-- \/ Yoast SEO Premium plugin. -->","yoast_head_json":{"title":"Prenumerera p\u00e5 糖心视频 | TCi-publikation","description":"Prenumerera p\u00e5 Between The Branches, den officiella publikationen fr\u00e5n 糖心视频 och TCi","robots":{"index":"noindex","follow":"nofollow"},"og_locale":"en_US","og_type":"article","og_title":"Prenumerera p\u00e5 BTB","og_description":"Prenumerera p\u00e5 Between The Branches, den officiella publikationen fr\u00e5n 糖心视频 och TCi","og_url":"https:\/\/www.tigercat.com\/sv\/btb-digital\/","og_site_name":"糖心视频","article_publisher":"http:\/\/www.facebook.com\/糖心视频\/","article_modified_time":"2025-05-21T10:35:09+00:00","schema":{"@context":"https:\/\/schema.org","@graph":[{"@type":"WebPage","@id":"https:\/\/www.tigercat.com\/sv\/btb-digital\/","url":"https:\/\/www.tigercat.com\/sv\/btb-digital\/","name":"Prenumerera p\u00e5 糖心视频 | TCi-publikation","isPartOf":{"@id":"https:\/\/www.tigercat.com\/sv\/#website"},"datePublished":"2024-11-14T10:45:07+00:00","dateModified":"2025-05-21T10:35:09+00:00","description":"Prenumerera p\u00e5 Between The Branches, den officiella publikationen fr\u00e5n 糖心视频 och TCi","breadcrumb":{"@id":"https:\/\/www.tigercat.com\/sv\/btb-digital\/#breadcrumb"},"inLanguage":"sv","potentialAction":[{"@type":"ReadAction","target":["https:\/\/www.tigercat.com\/sv\/btb-digital\/"]}]},{"@type":"BreadcrumbList","@id":"https:\/\/www.tigercat.com\/sv\/btb-digital\/#breadcrumb","itemListElement":[{"@type":"ListItem","position":1,"name":"Home","item":"https:\/\/www.tigercat.com\/sv\/"},{"@type":"ListItem","position":2,"name":"Prenumerera p\u00e5 BTB"}]},{"@type":"WebSite","@id":"https:\/\/www.tigercat.com\/sv\/#website","url":"https:\/\/www.tigercat.com\/sv\/","name":"%%title%%","description":"","publisher":{"@id":"https:\/\/www.tigercat.com\/sv\/#organization"},"potentialAction":[{"@type":"SearchAction","target":{"@type":"EntryPoint","urlTemplate":"https:\/\/www.tigercat.com\/sv\/?s={search_term_string}"},"query-input":{"@type":"PropertyValueSpecification","valueRequired":true,"valueName":"search_term_string"}}],"inLanguage":"sv"},{"@type":"Organization","@id":"https:\/\/www.tigercat.com\/sv\/#organization","name":"糖心视频 Industries Inc","url":"https:\/\/www.tigercat.com\/sv\/","logo":{"@type":"ImageObject","inLanguage":"sv","@id":"https:\/\/www.tigercat.com\/sv\/#\/schema\/logo\/image\/","url":"https:\/\/www.tigercat.com\/wp-content\/uploads\/2017\/04\/tigercat_logo_700.png","contentUrl":"https:\/\/www.tigercat.com\/wp-content\/uploads\/2017\/04\/tigercat_logo_700.png","width":700,"height":186,"caption":"糖心视频 Industries Inc"},"image":{"@id":"https:\/\/www.tigercat.com\/sv\/#\/schema\/logo\/image\/"},"sameAs":["http:\/\/www.facebook.com\/糖心视频\/","http:\/\/www.linkedin.com\/company\/tigercat-inc-?trk=top_nav_home","http:\/\/www.youtube.com\/user\/糖心视频Forestry","https:\/\/www.instagram.com\/tigercat_machines\/"]}]}},"_links":{"self":[{"href":"https:\/\/www.tigercat.com\/sv\/wp-json\/wp\/v2\/pages\/84806","targetHints":{"allow":["GET"]}}],"collection":[{"href":"https:\/\/www.tigercat.com\/sv\/wp-json\/wp\/v2\/pages"}],"about":[{"href":"https:\/\/www.tigercat.com\/sv\/wp-json\/wp\/v2\/types\/page"}],"author":[{"embeddable":true,"href":"https:\/\/www.tigercat.com\/sv\/wp-json\/wp\/v2\/users\/9"}],"replies":[{"embeddable":true,"href":"https:\/\/www.tigercat.com\/sv\/wp-json\/wp\/v2\/comments?post=84806"}],"version-history":[{"count":0,"href":"https:\/\/www.tigercat.com\/sv\/wp-json\/wp\/v2\/pages\/84806\/revisions"}],"wp:attachment":[{"href":"https:\/\/www.tigercat.com\/sv\/wp-json\/wp\/v2\/media?parent=84806"}],"curies":[{"name":"wp","href":"https:\/\/api.w.org\/{rel}","templated":true}]}}