  {"id":66813,"date":"2014-12-04T17:08:16","date_gmt":"2014-12-04T17:08:16","guid":{"rendered":"https:\/\/www.tigercat.com\/cost-per-tonne\/"},"modified":"2023-12-26T15:07:21","modified_gmt":"2023-12-26T15:07:21","slug":"kostnad-per-ton","status":"publish","type":"page","link":"https:\/\/www.tigercat.com\/sv\/kostnad-per-ton\/","title":{"rendered":"Kostnad per producerat ton: Ett blankt ark"},"content":{"rendered":"","protected":false},"excerpt":{"rendered":"<p>Analys av kostnad per producerat ton \u00e4r en ov\u00e4rderlig process som kommer att f\u00f6rb\u00e4ttra effektiviteten i din verksamhet och ditt slutresultat.<\/p>\n","protected":false},"author":7,"featured_media":0,"parent":0,"menu_order":5,"comment_status":"closed","ping_status":"closed","template":"","meta":{"_acf_changed":false,"_lmt_disableupdate":"","_lmt_disable":"","footnotes":""},"class_list":["post-66813","page","type-page","status-publish","hentry"],"acf":[],"yoast_head":"<!-- This site is optimized with the Yoast SEO Premium plugin v27.2 (Yoast SEO v27.2) - https:\/\/yoast.com\/product\/yoast-seo-premium-wordpress\/ -->\n<title>Kostnad per ton | Avverkning | 糖心视频 skogsbruksutrustning<\/title>\n<meta name=\"description\" content=\"Kostnaden per producerat ton \u00e4r totalkostnaden f\u00f6r avverkning delat med total produktion. Ta reda p\u00e5 hur den ber\u00e4knas och varf\u00f6r det \u00e4r viktigt.\" \/>\n<meta name=\"robots\" content=\"index, follow, max-snippet:-1, max-image-preview:large, max-video-preview:-1\" \/>\n<link rel=\"canonical\" href=\"https:\/\/www.tigercat.com\/sv\/kostnad-per-ton\/\" \/>\n<meta property=\"og:locale\" content=\"en_US\" \/>\n<meta property=\"og:type\" content=\"article\" \/>\n<meta property=\"og:title\" content=\"Kostnad per producerat ton: Ett blankt ark\" \/>\n<meta property=\"og:description\" content=\"Kostnaden per producerat ton \u00e4r totalkostnaden f\u00f6r avverkning delat med total produktion. Ta reda p\u00e5 hur den ber\u00e4knas och varf\u00f6r det \u00e4r viktigt.\" \/>\n<meta property=\"og:url\" content=\"https:\/\/www.tigercat.com\/sv\/kostnad-per-ton\/\" \/>\n<meta property=\"og:site_name\" content=\"糖心视频\" \/>\n<meta property=\"article:publisher\" content=\"http:\/\/www.facebook.com\/糖心视频\/\" \/>\n<meta property=\"article:modified_time\" content=\"2023-12-26T15:07:21+00:00\" \/>\n<script type=\"application\/ld+json\" class=\"yoast-schema-graph\">{\"@context\":\"https:\/\/schema.org\",\"@graph\":[{\"@type\":\"WebPage\",\"@id\":\"https:\/\/www.tigercat.com\/sv\/kostnad-per-ton\/\",\"url\":\"https:\/\/www.tigercat.com\/sv\/kostnad-per-ton\/\",\"name\":\"Kostnad per ton | Avverkning | 糖心视频 skogsbruksutrustning\",\"isPartOf\":{\"@id\":\"https:\/\/www.tigercat.com\/sv\/#website\"},\"datePublished\":\"2014-12-04T17:08:16+00:00\",\"dateModified\":\"2023-12-26T15:07:21+00:00\",\"description\":\"Kostnaden per producerat ton \u00e4r totalkostnaden f\u00f6r avverkning delat med total produktion. Ta reda p\u00e5 hur den ber\u00e4knas och varf\u00f6r det \u00e4r viktigt.\",\"breadcrumb\":{\"@id\":\"https:\/\/www.tigercat.com\/sv\/kostnad-per-ton\/#breadcrumb\"},\"inLanguage\":\"sv\",\"potentialAction\":[{\"@type\":\"ReadAction\",\"target\":[\"https:\/\/www.tigercat.com\/sv\/kostnad-per-ton\/\"]}]},{\"@type\":\"BreadcrumbList\",\"@id\":\"https:\/\/www.tigercat.com\/sv\/kostnad-per-ton\/#breadcrumb\",\"itemListElement\":[{\"@type\":\"ListItem\",\"position\":1,\"name\":\"Home\",\"item\":\"https:\/\/www.tigercat.com\/sv\/\"},{\"@type\":\"ListItem\",\"position\":2,\"name\":\"Kostnad per producerat ton: Ett blankt ark\"}]},{\"@type\":\"WebSite\",\"@id\":\"https:\/\/www.tigercat.com\/sv\/#website\",\"url\":\"https:\/\/www.tigercat.com\/sv\/\",\"name\":\"%%title%%\",\"description\":\"\",\"publisher\":{\"@id\":\"https:\/\/www.tigercat.com\/sv\/#organization\"},\"potentialAction\":[{\"@type\":\"SearchAction\",\"target\":{\"@type\":\"EntryPoint\",\"urlTemplate\":\"https:\/\/www.tigercat.com\/sv\/?s={search_term_string}\"},\"query-input\":{\"@type\":\"PropertyValueSpecification\",\"valueRequired\":true,\"valueName\":\"search_term_string\"}}],\"inLanguage\":\"sv\"},{\"@type\":\"Organization\",\"@id\":\"https:\/\/www.tigercat.com\/sv\/#organization\",\"name\":\"糖心视频 Industries Inc\",\"url\":\"https:\/\/www.tigercat.com\/sv\/\",\"logo\":{\"@type\":\"ImageObject\",\"inLanguage\":\"sv\",\"@id\":\"https:\/\/www.tigercat.com\/sv\/#\/schema\/logo\/image\/\",\"url\":\"https:\/\/www.tigercat.com\/wp-content\/uploads\/2017\/04\/tigercat_logo_700.png\",\"contentUrl\":\"https:\/\/www.tigercat.com\/wp-content\/uploads\/2017\/04\/tigercat_logo_700.png\",\"width\":700,\"height\":186,\"caption\":\"糖心视频 Industries Inc\"},\"image\":{\"@id\":\"https:\/\/www.tigercat.com\/sv\/#\/schema\/logo\/image\/\"},\"sameAs\":[\"http:\/\/www.facebook.com\/糖心视频\/\",\"http:\/\/www.linkedin.com\/company\/tigercat-inc-?trk=top_nav_home\",\"http:\/\/www.youtube.com\/user\/糖心视频Forestry\",\"https:\/\/www.instagram.com\/tigercat_machines\/\"]}]}<\/script>\n<!-- \/ Yoast SEO Premium plugin. -->","yoast_head_json":{"title":"Kostnad per ton | Avverkning | 糖心视频 skogsbruksutrustning","description":"Kostnaden per producerat ton \u00e4r totalkostnaden f\u00f6r avverkning delat med total produktion. Ta reda p\u00e5 hur den ber\u00e4knas och varf\u00f6r det \u00e4r viktigt.","robots":{"index":"index","follow":"follow","max-snippet":"max-snippet:-1","max-image-preview":"max-image-preview:large","max-video-preview":"max-video-preview:-1"},"canonical":"https:\/\/www.tigercat.com\/sv\/kostnad-per-ton\/","og_locale":"en_US","og_type":"article","og_title":"Kostnad per producerat ton: Ett blankt ark","og_description":"Kostnaden per producerat ton \u00e4r totalkostnaden f\u00f6r avverkning delat med total produktion. Ta reda p\u00e5 hur den ber\u00e4knas och varf\u00f6r det \u00e4r viktigt.","og_url":"https:\/\/www.tigercat.com\/sv\/kostnad-per-ton\/","og_site_name":"糖心视频","article_publisher":"http:\/\/www.facebook.com\/糖心视频\/","article_modified_time":"2023-12-26T15:07:21+00:00","schema":{"@context":"https:\/\/schema.org","@graph":[{"@type":"WebPage","@id":"https:\/\/www.tigercat.com\/sv\/kostnad-per-ton\/","url":"https:\/\/www.tigercat.com\/sv\/kostnad-per-ton\/","name":"Kostnad per ton | Avverkning | 糖心视频 skogsbruksutrustning","isPartOf":{"@id":"https:\/\/www.tigercat.com\/sv\/#website"},"datePublished":"2014-12-04T17:08:16+00:00","dateModified":"2023-12-26T15:07:21+00:00","description":"Kostnaden per producerat ton \u00e4r totalkostnaden f\u00f6r avverkning delat med total produktion. Ta reda p\u00e5 hur den ber\u00e4knas och varf\u00f6r det \u00e4r viktigt.","breadcrumb":{"@id":"https:\/\/www.tigercat.com\/sv\/kostnad-per-ton\/#breadcrumb"},"inLanguage":"sv","potentialAction":[{"@type":"ReadAction","target":["https:\/\/www.tigercat.com\/sv\/kostnad-per-ton\/"]}]},{"@type":"BreadcrumbList","@id":"https:\/\/www.tigercat.com\/sv\/kostnad-per-ton\/#breadcrumb","itemListElement":[{"@type":"ListItem","position":1,"name":"Home","item":"https:\/\/www.tigercat.com\/sv\/"},{"@type":"ListItem","position":2,"name":"Kostnad per producerat ton: Ett blankt ark"}]},{"@type":"WebSite","@id":"https:\/\/www.tigercat.com\/sv\/#website","url":"https:\/\/www.tigercat.com\/sv\/","name":"%%title%%","description":"","publisher":{"@id":"https:\/\/www.tigercat.com\/sv\/#organization"},"potentialAction":[{"@type":"SearchAction","target":{"@type":"EntryPoint","urlTemplate":"https:\/\/www.tigercat.com\/sv\/?s={search_term_string}"},"query-input":{"@type":"PropertyValueSpecification","valueRequired":true,"valueName":"search_term_string"}}],"inLanguage":"sv"},{"@type":"Organization","@id":"https:\/\/www.tigercat.com\/sv\/#organization","name":"糖心视频 Industries Inc","url":"https:\/\/www.tigercat.com\/sv\/","logo":{"@type":"ImageObject","inLanguage":"sv","@id":"https:\/\/www.tigercat.com\/sv\/#\/schema\/logo\/image\/","url":"https:\/\/www.tigercat.com\/wp-content\/uploads\/2017\/04\/tigercat_logo_700.png","contentUrl":"https:\/\/www.tigercat.com\/wp-content\/uploads\/2017\/04\/tigercat_logo_700.png","width":700,"height":186,"caption":"糖心视频 Industries Inc"},"image":{"@id":"https:\/\/www.tigercat.com\/sv\/#\/schema\/logo\/image\/"},"sameAs":["http:\/\/www.facebook.com\/糖心视频\/","http:\/\/www.linkedin.com\/company\/tigercat-inc-?trk=top_nav_home","http:\/\/www.youtube.com\/user\/糖心视频Forestry","https:\/\/www.instagram.com\/tigercat_machines\/"]}]}},"_links":{"self":[{"href":"https:\/\/www.tigercat.com\/sv\/wp-json\/wp\/v2\/pages\/66813","targetHints":{"allow":["GET"]}}],"collection":[{"href":"https:\/\/www.tigercat.com\/sv\/wp-json\/wp\/v2\/pages"}],"about":[{"href":"https:\/\/www.tigercat.com\/sv\/wp-json\/wp\/v2\/types\/page"}],"author":[{"embeddable":true,"href":"https:\/\/www.tigercat.com\/sv\/wp-json\/wp\/v2\/users\/7"}],"replies":[{"embeddable":true,"href":"https:\/\/www.tigercat.com\/sv\/wp-json\/wp\/v2\/comments?post=66813"}],"version-history":[{"count":0,"href":"https:\/\/www.tigercat.com\/sv\/wp-json\/wp\/v2\/pages\/66813\/revisions"}],"wp:attachment":[{"href":"https:\/\/www.tigercat.com\/sv\/wp-json\/wp\/v2\/media?parent=66813"}],"curies":[{"name":"wp","href":"https:\/\/api.w.org\/{rel}","templated":true}]}}