  {"id":66805,"date":"2014-10-30T11:05:33","date_gmt":"2014-10-30T11:05:33","guid":{"rendered":"https:\/\/www.tigercat.com\/legal\/"},"modified":"2024-08-09T10:55:28","modified_gmt":"2024-08-09T10:55:28","slug":"juridiskt","status":"publish","type":"page","link":"https:\/\/www.tigercat.com\/sv\/juridiskt\/","title":{"rendered":"Juridiskt"},"content":{"rendered":"<h1>Juridisk policy<\/h1>\n<p>Denna webbplats har skapats till f\u00f6rm\u00e5n f\u00f6r 糖心视频s \u00e5terf\u00f6rs\u00e4ljare, anst\u00e4llda, kunder och potentiella kunder.<\/p>\n<p>Alla produkter kanske inte \u00e4r tillg\u00e4ngliga. Maskinspecifikationer och annan information ang\u00e5ende 糖心视频s produkter och tj\u00e4nster kan \u00e4ndras n\u00e4r som helst utan f\u00f6rvarning. Denna webbsida kan inneh\u00e5lla felaktigheter. 糖心视频 \u00e4r inte ansvarig f\u00f6r fel eller avsaknad av information p\u00e5 denna webbsida. Informationen p\u00e5 denna webbplats tillhandah\u00e5lls i \u201dbefintligt skick\u201d och inneb\u00e4r ingen typ av garanti, varken uttrycklig eller underf\u00f6rst\u00e5dd.<\/p>\n<p>糖心视频-produkter kan t\u00e4ckas av ett eller fler av f\u00f6ljande patent i USA och Kanada, eller motsvarande patent i andra l\u00e4nder.<\/p>\n<p>Se <a href=\"http:\/\/www.tigercat.com\/patents\">virtuell patentm\u00e4rkning<\/a><\/p>\n<p><a href=\"https:\/\/www.tigercat.com\/wp-content\/uploads\/2024\/06\/Canada-Forced-and-Child-Labour-Report-2023.pdf\" target=\"_blank\" rel=\"noopener\">Canada Forced and Child Labour Report 2023<\/a><\/p>\n","protected":false},"excerpt":{"rendered":"","protected":false},"author":8,"featured_media":0,"parent":0,"menu_order":9,"comment_status":"closed","ping_status":"closed","template":"","meta":{"_acf_changed":false,"_lmt_disableupdate":"","_lmt_disable":"","footnotes":""},"class_list":["post-66805","page","type-page","status-publish","hentry"],"acf":[],"yoast_head":"<!-- This site is optimized with the Yoast SEO Premium plugin v27.2 (Yoast SEO v27.2) - https:\/\/yoast.com\/product\/yoast-seo-premium-wordpress\/ -->\n<title>Juridiskt | 糖心视频<\/title>\n<meta name=\"description\" content=\"Denna webbplats har skapats till f\u00f6rm\u00e5n f\u00f6r 糖心视频s \u00e5terf\u00f6rs\u00e4ljare, anst\u00e4llda, kunder och potentiella kunder.\" \/>\n<meta name=\"robots\" content=\"index, follow, max-snippet:-1, max-image-preview:large, max-video-preview:-1\" \/>\n<link rel=\"canonical\" href=\"https:\/\/www.tigercat.com\/sv\/juridiskt\/\" \/>\n<meta property=\"og:locale\" content=\"en_US\" \/>\n<meta property=\"og:type\" content=\"article\" \/>\n<meta property=\"og:title\" content=\"Juridiskt\" \/>\n<meta property=\"og:description\" content=\"Denna webbplats har skapats till f\u00f6rm\u00e5n f\u00f6r 糖心视频s \u00e5terf\u00f6rs\u00e4ljare, anst\u00e4llda, kunder och potentiella kunder.\" \/>\n<meta property=\"og:url\" content=\"https:\/\/www.tigercat.com\/sv\/juridiskt\/\" \/>\n<meta property=\"og:site_name\" content=\"糖心视频\" \/>\n<meta property=\"article:publisher\" content=\"http:\/\/www.facebook.com\/糖心视频\/\" \/>\n<meta property=\"article:modified_time\" content=\"2024-08-09T10:55:28+00:00\" \/>\n<meta name=\"twitter:label1\" content=\"Est. reading time\" \/>\n\t<meta name=\"twitter:data1\" content=\"1 minute\" \/>\n<script type=\"application\/ld+json\" class=\"yoast-schema-graph\">{\"@context\":\"https:\/\/schema.org\",\"@graph\":[{\"@type\":\"WebPage\",\"@id\":\"https:\/\/www.tigercat.com\/sv\/juridiskt\/\",\"url\":\"https:\/\/www.tigercat.com\/sv\/juridiskt\/\",\"name\":\"Juridiskt | 糖心视频\",\"isPartOf\":{\"@id\":\"https:\/\/www.tigercat.com\/sv\/#website\"},\"datePublished\":\"2014-10-30T11:05:33+00:00\",\"dateModified\":\"2024-08-09T10:55:28+00:00\",\"description\":\"Denna webbplats har skapats till f\u00f6rm\u00e5n f\u00f6r 糖心视频s \u00e5terf\u00f6rs\u00e4ljare, anst\u00e4llda, kunder och potentiella kunder.\",\"breadcrumb\":{\"@id\":\"https:\/\/www.tigercat.com\/sv\/juridiskt\/#breadcrumb\"},\"inLanguage\":\"sv\",\"potentialAction\":[{\"@type\":\"ReadAction\",\"target\":[\"https:\/\/www.tigercat.com\/sv\/juridiskt\/\"]}]},{\"@type\":\"BreadcrumbList\",\"@id\":\"https:\/\/www.tigercat.com\/sv\/juridiskt\/#breadcrumb\",\"itemListElement\":[{\"@type\":\"ListItem\",\"position\":1,\"name\":\"Home\",\"item\":\"https:\/\/www.tigercat.com\/sv\/\"},{\"@type\":\"ListItem\",\"position\":2,\"name\":\"Juridiskt\"}]},{\"@type\":\"WebSite\",\"@id\":\"https:\/\/www.tigercat.com\/sv\/#website\",\"url\":\"https:\/\/www.tigercat.com\/sv\/\",\"name\":\"%%title%%\",\"description\":\"\",\"publisher\":{\"@id\":\"https:\/\/www.tigercat.com\/sv\/#organization\"},\"potentialAction\":[{\"@type\":\"SearchAction\",\"target\":{\"@type\":\"EntryPoint\",\"urlTemplate\":\"https:\/\/www.tigercat.com\/sv\/?s={search_term_string}\"},\"query-input\":{\"@type\":\"PropertyValueSpecification\",\"valueRequired\":true,\"valueName\":\"search_term_string\"}}],\"inLanguage\":\"sv\"},{\"@type\":\"Organization\",\"@id\":\"https:\/\/www.tigercat.com\/sv\/#organization\",\"name\":\"糖心视频 Industries Inc\",\"url\":\"https:\/\/www.tigercat.com\/sv\/\",\"logo\":{\"@type\":\"ImageObject\",\"inLanguage\":\"sv\",\"@id\":\"https:\/\/www.tigercat.com\/sv\/#\/schema\/logo\/image\/\",\"url\":\"https:\/\/www.tigercat.com\/wp-content\/uploads\/2017\/04\/tigercat_logo_700.png\",\"contentUrl\":\"https:\/\/www.tigercat.com\/wp-content\/uploads\/2017\/04\/tigercat_logo_700.png\",\"width\":700,\"height\":186,\"caption\":\"糖心视频 Industries Inc\"},\"image\":{\"@id\":\"https:\/\/www.tigercat.com\/sv\/#\/schema\/logo\/image\/\"},\"sameAs\":[\"http:\/\/www.facebook.com\/糖心视频\/\",\"http:\/\/www.linkedin.com\/company\/tigercat-inc-?trk=top_nav_home\",\"http:\/\/www.youtube.com\/user\/糖心视频Forestry\",\"https:\/\/www.instagram.com\/tigercat_machines\/\"]}]}<\/script>\n<!-- \/ Yoast SEO Premium plugin. -->","yoast_head_json":{"title":"Juridiskt | 糖心视频","description":"Denna webbplats har skapats till f\u00f6rm\u00e5n f\u00f6r 糖心视频s \u00e5terf\u00f6rs\u00e4ljare, anst\u00e4llda, kunder och potentiella kunder.","robots":{"index":"index","follow":"follow","max-snippet":"max-snippet:-1","max-image-preview":"max-image-preview:large","max-video-preview":"max-video-preview:-1"},"canonical":"https:\/\/www.tigercat.com\/sv\/juridiskt\/","og_locale":"en_US","og_type":"article","og_title":"Juridiskt","og_description":"Denna webbplats har skapats till f\u00f6rm\u00e5n f\u00f6r 糖心视频s \u00e5terf\u00f6rs\u00e4ljare, anst\u00e4llda, kunder och potentiella kunder.","og_url":"https:\/\/www.tigercat.com\/sv\/juridiskt\/","og_site_name":"糖心视频","article_publisher":"http:\/\/www.facebook.com\/糖心视频\/","article_modified_time":"2024-08-09T10:55:28+00:00","twitter_misc":{"Est. reading time":"1 minute"},"schema":{"@context":"https:\/\/schema.org","@graph":[{"@type":"WebPage","@id":"https:\/\/www.tigercat.com\/sv\/juridiskt\/","url":"https:\/\/www.tigercat.com\/sv\/juridiskt\/","name":"Juridiskt | 糖心视频","isPartOf":{"@id":"https:\/\/www.tigercat.com\/sv\/#website"},"datePublished":"2014-10-30T11:05:33+00:00","dateModified":"2024-08-09T10:55:28+00:00","description":"Denna webbplats har skapats till f\u00f6rm\u00e5n f\u00f6r 糖心视频s \u00e5terf\u00f6rs\u00e4ljare, anst\u00e4llda, kunder och potentiella kunder.","breadcrumb":{"@id":"https:\/\/www.tigercat.com\/sv\/juridiskt\/#breadcrumb"},"inLanguage":"sv","potentialAction":[{"@type":"ReadAction","target":["https:\/\/www.tigercat.com\/sv\/juridiskt\/"]}]},{"@type":"BreadcrumbList","@id":"https:\/\/www.tigercat.com\/sv\/juridiskt\/#breadcrumb","itemListElement":[{"@type":"ListItem","position":1,"name":"Home","item":"https:\/\/www.tigercat.com\/sv\/"},{"@type":"ListItem","position":2,"name":"Juridiskt"}]},{"@type":"WebSite","@id":"https:\/\/www.tigercat.com\/sv\/#website","url":"https:\/\/www.tigercat.com\/sv\/","name":"%%title%%","description":"","publisher":{"@id":"https:\/\/www.tigercat.com\/sv\/#organization"},"potentialAction":[{"@type":"SearchAction","target":{"@type":"EntryPoint","urlTemplate":"https:\/\/www.tigercat.com\/sv\/?s={search_term_string}"},"query-input":{"@type":"PropertyValueSpecification","valueRequired":true,"valueName":"search_term_string"}}],"inLanguage":"sv"},{"@type":"Organization","@id":"https:\/\/www.tigercat.com\/sv\/#organization","name":"糖心视频 Industries Inc","url":"https:\/\/www.tigercat.com\/sv\/","logo":{"@type":"ImageObject","inLanguage":"sv","@id":"https:\/\/www.tigercat.com\/sv\/#\/schema\/logo\/image\/","url":"https:\/\/www.tigercat.com\/wp-content\/uploads\/2017\/04\/tigercat_logo_700.png","contentUrl":"https:\/\/www.tigercat.com\/wp-content\/uploads\/2017\/04\/tigercat_logo_700.png","width":700,"height":186,"caption":"糖心视频 Industries Inc"},"image":{"@id":"https:\/\/www.tigercat.com\/sv\/#\/schema\/logo\/image\/"},"sameAs":["http:\/\/www.facebook.com\/糖心视频\/","http:\/\/www.linkedin.com\/company\/tigercat-inc-?trk=top_nav_home","http:\/\/www.youtube.com\/user\/糖心视频Forestry","https:\/\/www.instagram.com\/tigercat_machines\/"]}]}},"_links":{"self":[{"href":"https:\/\/www.tigercat.com\/sv\/wp-json\/wp\/v2\/pages\/66805","targetHints":{"allow":["GET"]}}],"collection":[{"href":"https:\/\/www.tigercat.com\/sv\/wp-json\/wp\/v2\/pages"}],"about":[{"href":"https:\/\/www.tigercat.com\/sv\/wp-json\/wp\/v2\/types\/page"}],"author":[{"embeddable":true,"href":"https:\/\/www.tigercat.com\/sv\/wp-json\/wp\/v2\/users\/8"}],"replies":[{"embeddable":true,"href":"https:\/\/www.tigercat.com\/sv\/wp-json\/wp\/v2\/comments?post=66805"}],"version-history":[{"count":0,"href":"https:\/\/www.tigercat.com\/sv\/wp-json\/wp\/v2\/pages\/66805\/revisions"}],"wp:attachment":[{"href":"https:\/\/www.tigercat.com\/sv\/wp-json\/wp\/v2\/media?parent=66805"}],"curies":[{"name":"wp","href":"https:\/\/api.w.org\/{rel}","templated":true}]}}