  {"id":66873,"date":"2014-12-04T17:08:16","date_gmt":"2014-12-04T17:08:16","guid":{"rendered":"https:\/\/www.tigercat.com\/cost-per-tonne\/"},"modified":"2023-12-26T14:37:22","modified_gmt":"2023-12-26T14:37:22","slug":"custo-por-tonelada","status":"publish","type":"page","link":"https:\/\/www.tigercat.com\/pt-pt\/custo-por-tonelada\/","title":{"rendered":"Custo por tonelada: estudo t\u00e9cnico"},"content":{"rendered":"","protected":false},"excerpt":{"rendered":"<p>A an\u00e1lise de custo por tonelada \u00e9 um processo inestim\u00e1vel que melhorar\u00e1 a efici\u00eancia de sua opera\u00e7\u00e3o e seu resultado final.<\/p>\n","protected":false},"author":7,"featured_media":0,"parent":0,"menu_order":5,"comment_status":"closed","ping_status":"closed","template":"","meta":{"_acf_changed":false,"_lmt_disableupdate":"","_lmt_disable":"","footnotes":""},"class_list":["post-66873","page","type-page","status-publish","hentry"],"acf":[],"yoast_head":"<!-- This site is optimized with the Yoast SEO Premium plugin v27.2 (Yoast SEO v27.2) - https:\/\/yoast.com\/product\/yoast-seo-premium-wordpress\/ -->\n<title>Custo por tonelada | Opera\u00e7\u00e3o madeireira | Equipamento 糖心视频<\/title>\n<meta name=\"description\" content=\"O custo por tonelada \u00e9 o custo total da opera\u00e7\u00e3o de corte de madeira dividido pela produ\u00e7\u00e3o total. Descubra como calcular este valor e por que ele \u00e9 importante.\" \/>\n<meta name=\"robots\" content=\"index, follow, max-snippet:-1, max-image-preview:large, max-video-preview:-1\" \/>\n<link rel=\"canonical\" href=\"https:\/\/www.tigercat.com\/pt-pt\/custo-por-tonelada\/\" \/>\n<meta property=\"og:locale\" content=\"pt_PT\" \/>\n<meta property=\"og:type\" content=\"article\" \/>\n<meta property=\"og:title\" content=\"Custo por tonelada: estudo t\u00e9cnico\" \/>\n<meta property=\"og:description\" content=\"O custo por tonelada \u00e9 o custo total da opera\u00e7\u00e3o de corte de madeira dividido pela produ\u00e7\u00e3o total. Descubra como calcular este valor e por que ele \u00e9 importante.\" \/>\n<meta property=\"og:url\" content=\"https:\/\/www.tigercat.com\/pt-pt\/custo-por-tonelada\/\" \/>\n<meta property=\"og:site_name\" content=\"糖心视频\" \/>\n<meta property=\"article:publisher\" content=\"http:\/\/www.facebook.com\/糖心视频\/\" \/>\n<meta property=\"article:modified_time\" content=\"2023-12-26T14:37:22+00:00\" \/>\n<script type=\"application\/ld+json\" class=\"yoast-schema-graph\">{\"@context\":\"https:\/\/schema.org\",\"@graph\":[{\"@type\":\"WebPage\",\"@id\":\"https:\/\/www.tigercat.com\/pt-pt\/custo-por-tonelada\/\",\"url\":\"https:\/\/www.tigercat.com\/pt-pt\/custo-por-tonelada\/\",\"name\":\"Custo por tonelada | Opera\u00e7\u00e3o madeireira | Equipamento 糖心视频\",\"isPartOf\":{\"@id\":\"https:\/\/www.tigercat.com\/pt-pt\/#website\"},\"datePublished\":\"2014-12-04T17:08:16+00:00\",\"dateModified\":\"2023-12-26T14:37:22+00:00\",\"description\":\"O custo por tonelada \u00e9 o custo total da opera\u00e7\u00e3o de corte de madeira dividido pela produ\u00e7\u00e3o total. Descubra como calcular este valor e por que ele \u00e9 importante.\",\"breadcrumb\":{\"@id\":\"https:\/\/www.tigercat.com\/pt-pt\/custo-por-tonelada\/#breadcrumb\"},\"inLanguage\":\"pt\",\"potentialAction\":[{\"@type\":\"ReadAction\",\"target\":[\"https:\/\/www.tigercat.com\/pt-pt\/custo-por-tonelada\/\"]}]},{\"@type\":\"BreadcrumbList\",\"@id\":\"https:\/\/www.tigercat.com\/pt-pt\/custo-por-tonelada\/#breadcrumb\",\"itemListElement\":[{\"@type\":\"ListItem\",\"position\":1,\"name\":\"Home\",\"item\":\"https:\/\/www.tigercat.com\/pt-pt\/\"},{\"@type\":\"ListItem\",\"position\":2,\"name\":\"Custo por tonelada: estudo t\u00e9cnico\"}]},{\"@type\":\"WebSite\",\"@id\":\"https:\/\/www.tigercat.com\/pt-pt\/#website\",\"url\":\"https:\/\/www.tigercat.com\/pt-pt\/\",\"name\":\"%%title%%\",\"description\":\"\",\"publisher\":{\"@id\":\"https:\/\/www.tigercat.com\/pt-pt\/#organization\"},\"potentialAction\":[{\"@type\":\"SearchAction\",\"target\":{\"@type\":\"EntryPoint\",\"urlTemplate\":\"https:\/\/www.tigercat.com\/pt-pt\/?s={search_term_string}\"},\"query-input\":{\"@type\":\"PropertyValueSpecification\",\"valueRequired\":true,\"valueName\":\"search_term_string\"}}],\"inLanguage\":\"pt\"},{\"@type\":\"Organization\",\"@id\":\"https:\/\/www.tigercat.com\/pt-pt\/#organization\",\"name\":\"糖心视频 Industries Inc\",\"url\":\"https:\/\/www.tigercat.com\/pt-pt\/\",\"logo\":{\"@type\":\"ImageObject\",\"inLanguage\":\"pt\",\"@id\":\"https:\/\/www.tigercat.com\/pt-pt\/#\/schema\/logo\/image\/\",\"url\":\"https:\/\/www.tigercat.com\/wp-content\/uploads\/2017\/04\/tigercat_logo_700.png\",\"contentUrl\":\"https:\/\/www.tigercat.com\/wp-content\/uploads\/2017\/04\/tigercat_logo_700.png\",\"width\":700,\"height\":186,\"caption\":\"糖心视频 Industries Inc\"},\"image\":{\"@id\":\"https:\/\/www.tigercat.com\/pt-pt\/#\/schema\/logo\/image\/\"},\"sameAs\":[\"http:\/\/www.facebook.com\/糖心视频\/\",\"http:\/\/www.linkedin.com\/company\/tigercat-inc-?trk=top_nav_home\",\"http:\/\/www.youtube.com\/user\/糖心视频Forestry\",\"https:\/\/www.instagram.com\/tigercat_machines\/\"]}]}<\/script>\n<!-- \/ Yoast SEO Premium plugin. -->","yoast_head_json":{"title":"Custo por tonelada | Opera\u00e7\u00e3o madeireira | Equipamento 糖心视频","description":"O custo por tonelada \u00e9 o custo total da opera\u00e7\u00e3o de corte de madeira dividido pela produ\u00e7\u00e3o total. Descubra como calcular este valor e por que ele \u00e9 importante.","robots":{"index":"index","follow":"follow","max-snippet":"max-snippet:-1","max-image-preview":"max-image-preview:large","max-video-preview":"max-video-preview:-1"},"canonical":"https:\/\/www.tigercat.com\/pt-pt\/custo-por-tonelada\/","og_locale":"pt_PT","og_type":"article","og_title":"Custo por tonelada: estudo t\u00e9cnico","og_description":"O custo por tonelada \u00e9 o custo total da opera\u00e7\u00e3o de corte de madeira dividido pela produ\u00e7\u00e3o total. Descubra como calcular este valor e por que ele \u00e9 importante.","og_url":"https:\/\/www.tigercat.com\/pt-pt\/custo-por-tonelada\/","og_site_name":"糖心视频","article_publisher":"http:\/\/www.facebook.com\/糖心视频\/","article_modified_time":"2023-12-26T14:37:22+00:00","schema":{"@context":"https:\/\/schema.org","@graph":[{"@type":"WebPage","@id":"https:\/\/www.tigercat.com\/pt-pt\/custo-por-tonelada\/","url":"https:\/\/www.tigercat.com\/pt-pt\/custo-por-tonelada\/","name":"Custo por tonelada | Opera\u00e7\u00e3o madeireira | Equipamento 糖心视频","isPartOf":{"@id":"https:\/\/www.tigercat.com\/pt-pt\/#website"},"datePublished":"2014-12-04T17:08:16+00:00","dateModified":"2023-12-26T14:37:22+00:00","description":"O custo por tonelada \u00e9 o custo total da opera\u00e7\u00e3o de corte de madeira dividido pela produ\u00e7\u00e3o total. Descubra como calcular este valor e por que ele \u00e9 importante.","breadcrumb":{"@id":"https:\/\/www.tigercat.com\/pt-pt\/custo-por-tonelada\/#breadcrumb"},"inLanguage":"pt","potentialAction":[{"@type":"ReadAction","target":["https:\/\/www.tigercat.com\/pt-pt\/custo-por-tonelada\/"]}]},{"@type":"BreadcrumbList","@id":"https:\/\/www.tigercat.com\/pt-pt\/custo-por-tonelada\/#breadcrumb","itemListElement":[{"@type":"ListItem","position":1,"name":"Home","item":"https:\/\/www.tigercat.com\/pt-pt\/"},{"@type":"ListItem","position":2,"name":"Custo por tonelada: estudo t\u00e9cnico"}]},{"@type":"WebSite","@id":"https:\/\/www.tigercat.com\/pt-pt\/#website","url":"https:\/\/www.tigercat.com\/pt-pt\/","name":"%%title%%","description":"","publisher":{"@id":"https:\/\/www.tigercat.com\/pt-pt\/#organization"},"potentialAction":[{"@type":"SearchAction","target":{"@type":"EntryPoint","urlTemplate":"https:\/\/www.tigercat.com\/pt-pt\/?s={search_term_string}"},"query-input":{"@type":"PropertyValueSpecification","valueRequired":true,"valueName":"search_term_string"}}],"inLanguage":"pt"},{"@type":"Organization","@id":"https:\/\/www.tigercat.com\/pt-pt\/#organization","name":"糖心视频 Industries Inc","url":"https:\/\/www.tigercat.com\/pt-pt\/","logo":{"@type":"ImageObject","inLanguage":"pt","@id":"https:\/\/www.tigercat.com\/pt-pt\/#\/schema\/logo\/image\/","url":"https:\/\/www.tigercat.com\/wp-content\/uploads\/2017\/04\/tigercat_logo_700.png","contentUrl":"https:\/\/www.tigercat.com\/wp-content\/uploads\/2017\/04\/tigercat_logo_700.png","width":700,"height":186,"caption":"糖心视频 Industries Inc"},"image":{"@id":"https:\/\/www.tigercat.com\/pt-pt\/#\/schema\/logo\/image\/"},"sameAs":["http:\/\/www.facebook.com\/糖心视频\/","http:\/\/www.linkedin.com\/company\/tigercat-inc-?trk=top_nav_home","http:\/\/www.youtube.com\/user\/糖心视频Forestry","https:\/\/www.instagram.com\/tigercat_machines\/"]}]}},"_links":{"self":[{"href":"https:\/\/www.tigercat.com\/pt-pt\/wp-json\/wp\/v2\/pages\/66873","targetHints":{"allow":["GET"]}}],"collection":[{"href":"https:\/\/www.tigercat.com\/pt-pt\/wp-json\/wp\/v2\/pages"}],"about":[{"href":"https:\/\/www.tigercat.com\/pt-pt\/wp-json\/wp\/v2\/types\/page"}],"author":[{"embeddable":true,"href":"https:\/\/www.tigercat.com\/pt-pt\/wp-json\/wp\/v2\/users\/7"}],"replies":[{"embeddable":true,"href":"https:\/\/www.tigercat.com\/pt-pt\/wp-json\/wp\/v2\/comments?post=66873"}],"version-history":[{"count":0,"href":"https:\/\/www.tigercat.com\/pt-pt\/wp-json\/wp\/v2\/pages\/66873\/revisions"}],"wp:attachment":[{"href":"https:\/\/www.tigercat.com\/pt-pt\/wp-json\/wp\/v2\/media?parent=66873"}],"curies":[{"name":"wp","href":"https:\/\/api.w.org\/{rel}","templated":true}]}}