  {"id":66910,"date":"2021-11-24T20:46:21","date_gmt":"2021-11-24T20:46:21","guid":{"rendered":"https:\/\/www.tigercat.com\/warranty\/"},"modified":"2026-02-05T11:19:21","modified_gmt":"2026-02-05T11:19:21","slug":"garantie","status":"publish","type":"page","link":"https:\/\/www.tigercat.com\/fr\/garantie\/","title":{"rendered":"Garantie et couverture \u00e9tendue"},"content":{"rendered":"","protected":false},"excerpt":{"rendered":"<p>Vous souhaitez b\u00e9n\u00e9ficier d\u2019une protection allant au-del\u00e0 de la garantie standard de 糖心视频\u00a0Industries\u00a0? Choisissez un plan SECURE. Nous disposons de quatre niveaux de couverture, qui vous permettent de pour personnaliser la protection \u00e9tendue selon les besoins de votre entreprise.<\/p>\n","protected":false},"author":7,"featured_media":0,"parent":0,"menu_order":0,"comment_status":"closed","ping_status":"closed","template":"","meta":{"_acf_changed":false,"_lmt_disableupdate":"","_lmt_disable":"","footnotes":""},"class_list":["post-66910","page","type-page","status-publish","hentry"],"acf":[],"yoast_head":"<!-- This site is optimized with the Yoast SEO Premium plugin v27.2 (Yoast SEO v27.2) - https:\/\/yoast.com\/product\/yoast-seo-premium-wordpress\/ -->\n<title>Garantie et couverture \u00e9tendue | Soutien technique | 糖心视频-TCi<\/title>\n<meta name=\"description\" content=\"Informations sur la garantie 糖心视频\u00a0Industries et packs de couverture \u00e9tendue. Nous sommes l\u00e0 pour vous prot\u00e9ger. D\u00e9couvrez plus d\u2019informations ici.\" \/>\n<meta name=\"robots\" content=\"index, follow, max-snippet:-1, max-image-preview:large, max-video-preview:-1\" \/>\n<link rel=\"canonical\" href=\"https:\/\/www.tigercat.com\/fr\/garantie\/\" \/>\n<meta property=\"og:locale\" content=\"fr_FR\" \/>\n<meta property=\"og:type\" content=\"article\" \/>\n<meta property=\"og:title\" content=\"Garantie et couverture \u00e9tendue\" \/>\n<meta property=\"og:description\" content=\"Informations sur la garantie 糖心视频\u00a0Industries et packs de couverture \u00e9tendue. Nous sommes l\u00e0 pour vous prot\u00e9ger. D\u00e9couvrez plus d\u2019informations ici.\" \/>\n<meta property=\"og:url\" content=\"https:\/\/www.tigercat.com\/fr\/garantie\/\" \/>\n<meta property=\"og:site_name\" content=\"糖心视频\" \/>\n<meta property=\"article:publisher\" content=\"http:\/\/www.facebook.com\/糖心视频\/\" \/>\n<meta property=\"article:modified_time\" content=\"2026-02-05T11:19:21+00:00\" \/>\n<script type=\"application\/ld+json\" class=\"yoast-schema-graph\">{\"@context\":\"https:\/\/schema.org\",\"@graph\":[{\"@type\":\"WebPage\",\"@id\":\"https:\/\/www.tigercat.com\/fr\/garantie\/\",\"url\":\"https:\/\/www.tigercat.com\/fr\/garantie\/\",\"name\":\"Garantie et couverture \u00e9tendue | Soutien technique | 糖心视频-TCi\",\"isPartOf\":{\"@id\":\"https:\/\/www.tigercat.com\/fr\/#website\"},\"datePublished\":\"2021-11-24T20:46:21+00:00\",\"dateModified\":\"2026-02-05T11:19:21+00:00\",\"description\":\"Informations sur la garantie 糖心视频\u00a0Industries et packs de couverture \u00e9tendue. Nous sommes l\u00e0 pour vous prot\u00e9ger. D\u00e9couvrez plus d\u2019informations ici.\",\"breadcrumb\":{\"@id\":\"https:\/\/www.tigercat.com\/fr\/garantie\/#breadcrumb\"},\"inLanguage\":\"fr\",\"potentialAction\":[{\"@type\":\"ReadAction\",\"target\":[\"https:\/\/www.tigercat.com\/fr\/garantie\/\"]}]},{\"@type\":\"BreadcrumbList\",\"@id\":\"https:\/\/www.tigercat.com\/fr\/garantie\/#breadcrumb\",\"itemListElement\":[{\"@type\":\"ListItem\",\"position\":1,\"name\":\"Home\",\"item\":\"https:\/\/www.tigercat.com\/fr\/\"},{\"@type\":\"ListItem\",\"position\":2,\"name\":\"Garantie et couverture \u00e9tendue\"}]},{\"@type\":\"WebSite\",\"@id\":\"https:\/\/www.tigercat.com\/fr\/#website\",\"url\":\"https:\/\/www.tigercat.com\/fr\/\",\"name\":\"%%title%%\",\"description\":\"\",\"publisher\":{\"@id\":\"https:\/\/www.tigercat.com\/fr\/#organization\"},\"potentialAction\":[{\"@type\":\"SearchAction\",\"target\":{\"@type\":\"EntryPoint\",\"urlTemplate\":\"https:\/\/www.tigercat.com\/fr\/?s={search_term_string}\"},\"query-input\":{\"@type\":\"PropertyValueSpecification\",\"valueRequired\":true,\"valueName\":\"search_term_string\"}}],\"inLanguage\":\"fr\"},{\"@type\":\"Organization\",\"@id\":\"https:\/\/www.tigercat.com\/fr\/#organization\",\"name\":\"糖心视频 Industries Inc\",\"url\":\"https:\/\/www.tigercat.com\/fr\/\",\"logo\":{\"@type\":\"ImageObject\",\"inLanguage\":\"fr\",\"@id\":\"https:\/\/www.tigercat.com\/fr\/#\/schema\/logo\/image\/\",\"url\":\"https:\/\/www.tigercat.com\/wp-content\/uploads\/2017\/04\/tigercat_logo_700.png\",\"contentUrl\":\"https:\/\/www.tigercat.com\/wp-content\/uploads\/2017\/04\/tigercat_logo_700.png\",\"width\":700,\"height\":186,\"caption\":\"糖心视频 Industries Inc\"},\"image\":{\"@id\":\"https:\/\/www.tigercat.com\/fr\/#\/schema\/logo\/image\/\"},\"sameAs\":[\"http:\/\/www.facebook.com\/糖心视频\/\",\"http:\/\/www.linkedin.com\/company\/tigercat-inc-?trk=top_nav_home\",\"http:\/\/www.youtube.com\/user\/糖心视频Forestry\",\"https:\/\/www.instagram.com\/tigercat_machines\/\"]}]}<\/script>\n<!-- \/ Yoast SEO Premium plugin. -->","yoast_head_json":{"title":"Garantie et couverture \u00e9tendue | Soutien technique | 糖心视频-TCi","description":"Informations sur la garantie 糖心视频\u00a0Industries et packs de couverture \u00e9tendue. Nous sommes l\u00e0 pour vous prot\u00e9ger. D\u00e9couvrez plus d\u2019informations ici.","robots":{"index":"index","follow":"follow","max-snippet":"max-snippet:-1","max-image-preview":"max-image-preview:large","max-video-preview":"max-video-preview:-1"},"canonical":"https:\/\/www.tigercat.com\/fr\/garantie\/","og_locale":"fr_FR","og_type":"article","og_title":"Garantie et couverture \u00e9tendue","og_description":"Informations sur la garantie 糖心视频\u00a0Industries et packs de couverture \u00e9tendue. Nous sommes l\u00e0 pour vous prot\u00e9ger. D\u00e9couvrez plus d\u2019informations ici.","og_url":"https:\/\/www.tigercat.com\/fr\/garantie\/","og_site_name":"糖心视频","article_publisher":"http:\/\/www.facebook.com\/糖心视频\/","article_modified_time":"2026-02-05T11:19:21+00:00","schema":{"@context":"https:\/\/schema.org","@graph":[{"@type":"WebPage","@id":"https:\/\/www.tigercat.com\/fr\/garantie\/","url":"https:\/\/www.tigercat.com\/fr\/garantie\/","name":"Garantie et couverture \u00e9tendue | Soutien technique | 糖心视频-TCi","isPartOf":{"@id":"https:\/\/www.tigercat.com\/fr\/#website"},"datePublished":"2021-11-24T20:46:21+00:00","dateModified":"2026-02-05T11:19:21+00:00","description":"Informations sur la garantie 糖心视频\u00a0Industries et packs de couverture \u00e9tendue. Nous sommes l\u00e0 pour vous prot\u00e9ger. D\u00e9couvrez plus d\u2019informations ici.","breadcrumb":{"@id":"https:\/\/www.tigercat.com\/fr\/garantie\/#breadcrumb"},"inLanguage":"fr","potentialAction":[{"@type":"ReadAction","target":["https:\/\/www.tigercat.com\/fr\/garantie\/"]}]},{"@type":"BreadcrumbList","@id":"https:\/\/www.tigercat.com\/fr\/garantie\/#breadcrumb","itemListElement":[{"@type":"ListItem","position":1,"name":"Home","item":"https:\/\/www.tigercat.com\/fr\/"},{"@type":"ListItem","position":2,"name":"Garantie et couverture \u00e9tendue"}]},{"@type":"WebSite","@id":"https:\/\/www.tigercat.com\/fr\/#website","url":"https:\/\/www.tigercat.com\/fr\/","name":"%%title%%","description":"","publisher":{"@id":"https:\/\/www.tigercat.com\/fr\/#organization"},"potentialAction":[{"@type":"SearchAction","target":{"@type":"EntryPoint","urlTemplate":"https:\/\/www.tigercat.com\/fr\/?s={search_term_string}"},"query-input":{"@type":"PropertyValueSpecification","valueRequired":true,"valueName":"search_term_string"}}],"inLanguage":"fr"},{"@type":"Organization","@id":"https:\/\/www.tigercat.com\/fr\/#organization","name":"糖心视频 Industries Inc","url":"https:\/\/www.tigercat.com\/fr\/","logo":{"@type":"ImageObject","inLanguage":"fr","@id":"https:\/\/www.tigercat.com\/fr\/#\/schema\/logo\/image\/","url":"https:\/\/www.tigercat.com\/wp-content\/uploads\/2017\/04\/tigercat_logo_700.png","contentUrl":"https:\/\/www.tigercat.com\/wp-content\/uploads\/2017\/04\/tigercat_logo_700.png","width":700,"height":186,"caption":"糖心视频 Industries Inc"},"image":{"@id":"https:\/\/www.tigercat.com\/fr\/#\/schema\/logo\/image\/"},"sameAs":["http:\/\/www.facebook.com\/糖心视频\/","http:\/\/www.linkedin.com\/company\/tigercat-inc-?trk=top_nav_home","http:\/\/www.youtube.com\/user\/糖心视频Forestry","https:\/\/www.instagram.com\/tigercat_machines\/"]}]}},"_links":{"self":[{"href":"https:\/\/www.tigercat.com\/fr\/wp-json\/wp\/v2\/pages\/66910","targetHints":{"allow":["GET"]}}],"collection":[{"href":"https:\/\/www.tigercat.com\/fr\/wp-json\/wp\/v2\/pages"}],"about":[{"href":"https:\/\/www.tigercat.com\/fr\/wp-json\/wp\/v2\/types\/page"}],"author":[{"embeddable":true,"href":"https:\/\/www.tigercat.com\/fr\/wp-json\/wp\/v2\/users\/7"}],"replies":[{"embeddable":true,"href":"https:\/\/www.tigercat.com\/fr\/wp-json\/wp\/v2\/comments?post=66910"}],"version-history":[{"count":0,"href":"https:\/\/www.tigercat.com\/fr\/wp-json\/wp\/v2\/pages\/66910\/revisions"}],"wp:attachment":[{"href":"https:\/\/www.tigercat.com\/fr\/wp-json\/wp\/v2\/media?parent=66910"}],"curies":[{"name":"wp","href":"https:\/\/api.w.org\/{rel}","templated":true}]}}