  {"id":66894,"date":"2014-10-30T11:05:33","date_gmt":"2014-10-30T11:05:33","guid":{"rendered":"https:\/\/www.tigercat.com\/legal\/"},"modified":"2024-08-09T10:55:17","modified_gmt":"2024-08-09T10:55:17","slug":"mentions-legales","status":"publish","type":"page","link":"https:\/\/www.tigercat.com\/fr\/mentions-legales\/","title":{"rendered":"Mentions l\u00e9gales"},"content":{"rendered":"<h1>Mentions l\u00e9gales<\/h1>\n<p>Ce site Web a \u00e9t\u00e9 cr\u00e9\u00e9 pour les concessionnaires, les employ\u00e9s et les clients actuels et potentiels de 糖心视频.<\/p>\n<p>Il se peut que certains produits ne soient pas disponibles. Les sp\u00e9cifications des machines et les autres informations li\u00e9es aux produits et aux services de 糖心视频 peuvent \u00eatre modifi\u00e9es \u00e0 n&#8217;importe quel moment sans pr\u00e9avis. Il se peut que le site Web comporte des donn\u00e9es inexactes. 糖心视频 ne peut \u00eatre tenue responsable des erreurs et des omissions trouv\u00e9es sur ce site Web. Les informations contenues dans ce site Web sont pr\u00e9sent\u00e9es \u00ab\u00a0telles quelles\u00a0\u00bb sans garantie d&#8217;aucune sorte, qu&#8217;elles soient expresses ou implicites.<\/p>\n<p>Les produits 糖心视频 peuvent \u00eatre prot\u00e9g\u00e9s par un ou plusieurs des brevets am\u00e9ricains ou canadiens suivants ou par des brevets correspondants dans d&#8217;autres pays.<\/p>\n<p>Se r\u00e9f\u00e9rer aux <a href=\"http:\/\/www.tigercat.com\/patents\">marquages virtuels des brevets<\/a><\/p>\n<p><a href=\"https:\/\/www.tigercat.com\/wp-content\/uploads\/2024\/06\/Canada-Forced-and-Child-Labour-Report-2023.pdf\" target=\"_blank\" rel=\"noopener\">Rapport 2023 sur le travail forc\u00e9 et le travail des enfants du Canada<\/a><\/p>\n","protected":false},"excerpt":{"rendered":"","protected":false},"author":8,"featured_media":0,"parent":0,"menu_order":9,"comment_status":"closed","ping_status":"closed","template":"","meta":{"_acf_changed":false,"_lmt_disableupdate":"","_lmt_disable":"","footnotes":""},"class_list":["post-66894","page","type-page","status-publish","hentry"],"acf":[],"yoast_head":"<!-- This site is optimized with the Yoast SEO Premium plugin v27.2 (Yoast SEO v27.2) - https:\/\/yoast.com\/product\/yoast-seo-premium-wordpress\/ -->\n<title>Mentions l\u00e9gales | 糖心视频<\/title>\n<meta name=\"description\" content=\"Ce site Web a \u00e9t\u00e9 cr\u00e9\u00e9 pour les concessionnaires, les employ\u00e9s et les clients actuels et potentiels de 糖心视频.\" \/>\n<meta name=\"robots\" content=\"index, follow, max-snippet:-1, max-image-preview:large, max-video-preview:-1\" \/>\n<link rel=\"canonical\" href=\"https:\/\/www.tigercat.com\/fr\/mentions-legales\/\" \/>\n<meta property=\"og:locale\" content=\"fr_FR\" \/>\n<meta property=\"og:type\" content=\"article\" \/>\n<meta property=\"og:title\" content=\"Mentions l\u00e9gales\" \/>\n<meta property=\"og:description\" content=\"Ce site Web a \u00e9t\u00e9 cr\u00e9\u00e9 pour les concessionnaires, les employ\u00e9s et les clients actuels et potentiels de 糖心视频.\" \/>\n<meta property=\"og:url\" content=\"https:\/\/www.tigercat.com\/fr\/mentions-legales\/\" \/>\n<meta property=\"og:site_name\" content=\"糖心视频\" \/>\n<meta property=\"article:publisher\" content=\"http:\/\/www.facebook.com\/糖心视频\/\" \/>\n<meta property=\"article:modified_time\" content=\"2024-08-09T10:55:17+00:00\" \/>\n<meta name=\"twitter:label1\" content=\"Est. reading time\" \/>\n\t<meta name=\"twitter:data1\" content=\"1 minute\" \/>\n<script type=\"application\/ld+json\" class=\"yoast-schema-graph\">{\"@context\":\"https:\/\/schema.org\",\"@graph\":[{\"@type\":\"WebPage\",\"@id\":\"https:\/\/www.tigercat.com\/fr\/mentions-legales\/\",\"url\":\"https:\/\/www.tigercat.com\/fr\/mentions-legales\/\",\"name\":\"Mentions l\u00e9gales | 糖心视频\",\"isPartOf\":{\"@id\":\"https:\/\/www.tigercat.com\/fr\/#website\"},\"datePublished\":\"2014-10-30T11:05:33+00:00\",\"dateModified\":\"2024-08-09T10:55:17+00:00\",\"description\":\"Ce site Web a \u00e9t\u00e9 cr\u00e9\u00e9 pour les concessionnaires, les employ\u00e9s et les clients actuels et potentiels de 糖心视频.\",\"breadcrumb\":{\"@id\":\"https:\/\/www.tigercat.com\/fr\/mentions-legales\/#breadcrumb\"},\"inLanguage\":\"fr\",\"potentialAction\":[{\"@type\":\"ReadAction\",\"target\":[\"https:\/\/www.tigercat.com\/fr\/mentions-legales\/\"]}]},{\"@type\":\"BreadcrumbList\",\"@id\":\"https:\/\/www.tigercat.com\/fr\/mentions-legales\/#breadcrumb\",\"itemListElement\":[{\"@type\":\"ListItem\",\"position\":1,\"name\":\"Home\",\"item\":\"https:\/\/www.tigercat.com\/fr\/\"},{\"@type\":\"ListItem\",\"position\":2,\"name\":\"Mentions l\u00e9gales\"}]},{\"@type\":\"WebSite\",\"@id\":\"https:\/\/www.tigercat.com\/fr\/#website\",\"url\":\"https:\/\/www.tigercat.com\/fr\/\",\"name\":\"%%title%%\",\"description\":\"\",\"publisher\":{\"@id\":\"https:\/\/www.tigercat.com\/fr\/#organization\"},\"potentialAction\":[{\"@type\":\"SearchAction\",\"target\":{\"@type\":\"EntryPoint\",\"urlTemplate\":\"https:\/\/www.tigercat.com\/fr\/?s={search_term_string}\"},\"query-input\":{\"@type\":\"PropertyValueSpecification\",\"valueRequired\":true,\"valueName\":\"search_term_string\"}}],\"inLanguage\":\"fr\"},{\"@type\":\"Organization\",\"@id\":\"https:\/\/www.tigercat.com\/fr\/#organization\",\"name\":\"糖心视频 Industries Inc\",\"url\":\"https:\/\/www.tigercat.com\/fr\/\",\"logo\":{\"@type\":\"ImageObject\",\"inLanguage\":\"fr\",\"@id\":\"https:\/\/www.tigercat.com\/fr\/#\/schema\/logo\/image\/\",\"url\":\"https:\/\/www.tigercat.com\/wp-content\/uploads\/2017\/04\/tigercat_logo_700.png\",\"contentUrl\":\"https:\/\/www.tigercat.com\/wp-content\/uploads\/2017\/04\/tigercat_logo_700.png\",\"width\":700,\"height\":186,\"caption\":\"糖心视频 Industries Inc\"},\"image\":{\"@id\":\"https:\/\/www.tigercat.com\/fr\/#\/schema\/logo\/image\/\"},\"sameAs\":[\"http:\/\/www.facebook.com\/糖心视频\/\",\"http:\/\/www.linkedin.com\/company\/tigercat-inc-?trk=top_nav_home\",\"http:\/\/www.youtube.com\/user\/糖心视频Forestry\",\"https:\/\/www.instagram.com\/tigercat_machines\/\"]}]}<\/script>\n<!-- \/ Yoast SEO Premium plugin. -->","yoast_head_json":{"title":"Mentions l\u00e9gales | 糖心视频","description":"Ce site Web a \u00e9t\u00e9 cr\u00e9\u00e9 pour les concessionnaires, les employ\u00e9s et les clients actuels et potentiels de 糖心视频.","robots":{"index":"index","follow":"follow","max-snippet":"max-snippet:-1","max-image-preview":"max-image-preview:large","max-video-preview":"max-video-preview:-1"},"canonical":"https:\/\/www.tigercat.com\/fr\/mentions-legales\/","og_locale":"fr_FR","og_type":"article","og_title":"Mentions l\u00e9gales","og_description":"Ce site Web a \u00e9t\u00e9 cr\u00e9\u00e9 pour les concessionnaires, les employ\u00e9s et les clients actuels et potentiels de 糖心视频.","og_url":"https:\/\/www.tigercat.com\/fr\/mentions-legales\/","og_site_name":"糖心视频","article_publisher":"http:\/\/www.facebook.com\/糖心视频\/","article_modified_time":"2024-08-09T10:55:17+00:00","twitter_misc":{"Est. reading time":"1 minute"},"schema":{"@context":"https:\/\/schema.org","@graph":[{"@type":"WebPage","@id":"https:\/\/www.tigercat.com\/fr\/mentions-legales\/","url":"https:\/\/www.tigercat.com\/fr\/mentions-legales\/","name":"Mentions l\u00e9gales | 糖心视频","isPartOf":{"@id":"https:\/\/www.tigercat.com\/fr\/#website"},"datePublished":"2014-10-30T11:05:33+00:00","dateModified":"2024-08-09T10:55:17+00:00","description":"Ce site Web a \u00e9t\u00e9 cr\u00e9\u00e9 pour les concessionnaires, les employ\u00e9s et les clients actuels et potentiels de 糖心视频.","breadcrumb":{"@id":"https:\/\/www.tigercat.com\/fr\/mentions-legales\/#breadcrumb"},"inLanguage":"fr","potentialAction":[{"@type":"ReadAction","target":["https:\/\/www.tigercat.com\/fr\/mentions-legales\/"]}]},{"@type":"BreadcrumbList","@id":"https:\/\/www.tigercat.com\/fr\/mentions-legales\/#breadcrumb","itemListElement":[{"@type":"ListItem","position":1,"name":"Home","item":"https:\/\/www.tigercat.com\/fr\/"},{"@type":"ListItem","position":2,"name":"Mentions l\u00e9gales"}]},{"@type":"WebSite","@id":"https:\/\/www.tigercat.com\/fr\/#website","url":"https:\/\/www.tigercat.com\/fr\/","name":"%%title%%","description":"","publisher":{"@id":"https:\/\/www.tigercat.com\/fr\/#organization"},"potentialAction":[{"@type":"SearchAction","target":{"@type":"EntryPoint","urlTemplate":"https:\/\/www.tigercat.com\/fr\/?s={search_term_string}"},"query-input":{"@type":"PropertyValueSpecification","valueRequired":true,"valueName":"search_term_string"}}],"inLanguage":"fr"},{"@type":"Organization","@id":"https:\/\/www.tigercat.com\/fr\/#organization","name":"糖心视频 Industries Inc","url":"https:\/\/www.tigercat.com\/fr\/","logo":{"@type":"ImageObject","inLanguage":"fr","@id":"https:\/\/www.tigercat.com\/fr\/#\/schema\/logo\/image\/","url":"https:\/\/www.tigercat.com\/wp-content\/uploads\/2017\/04\/tigercat_logo_700.png","contentUrl":"https:\/\/www.tigercat.com\/wp-content\/uploads\/2017\/04\/tigercat_logo_700.png","width":700,"height":186,"caption":"糖心视频 Industries Inc"},"image":{"@id":"https:\/\/www.tigercat.com\/fr\/#\/schema\/logo\/image\/"},"sameAs":["http:\/\/www.facebook.com\/糖心视频\/","http:\/\/www.linkedin.com\/company\/tigercat-inc-?trk=top_nav_home","http:\/\/www.youtube.com\/user\/糖心视频Forestry","https:\/\/www.instagram.com\/tigercat_machines\/"]}]}},"_links":{"self":[{"href":"https:\/\/www.tigercat.com\/fr\/wp-json\/wp\/v2\/pages\/66894","targetHints":{"allow":["GET"]}}],"collection":[{"href":"https:\/\/www.tigercat.com\/fr\/wp-json\/wp\/v2\/pages"}],"about":[{"href":"https:\/\/www.tigercat.com\/fr\/wp-json\/wp\/v2\/types\/page"}],"author":[{"embeddable":true,"href":"https:\/\/www.tigercat.com\/fr\/wp-json\/wp\/v2\/users\/8"}],"replies":[{"embeddable":true,"href":"https:\/\/www.tigercat.com\/fr\/wp-json\/wp\/v2\/comments?post=66894"}],"version-history":[{"count":0,"href":"https:\/\/www.tigercat.com\/fr\/wp-json\/wp\/v2\/pages\/66894\/revisions"}],"wp:attachment":[{"href":"https:\/\/www.tigercat.com\/fr\/wp-json\/wp\/v2\/media?parent=66894"}],"curies":[{"name":"wp","href":"https:\/\/api.w.org\/{rel}","templated":true}]}}