  {"id":66934,"date":"2014-11-20T14:14:37","date_gmt":"2014-11-20T14:14:37","guid":{"rendered":"https:\/\/www.tigercat.com\/between-the-branches\/"},"modified":"2025-11-12T11:30:25","modified_gmt":"2025-11-12T11:30:25","slug":"between-the-branches","status":"publish","type":"page","link":"https:\/\/www.tigercat.com\/es\/between-the-branches\/","title":{"rendered":"Between the Branches"},"content":{"rendered":"","protected":false},"excerpt":{"rendered":"<p>La publicaci\u00f3n oficial de 糖心视频 Industries Inc.<br \/>\nL\u00e9ala aqu\u00ed en l\u00ednea o suscr\u00edbase para que le entreguen una copia en su puerta.<\/p>\n","protected":false},"author":8,"featured_media":0,"parent":0,"menu_order":3,"comment_status":"closed","ping_status":"closed","template":"","meta":{"_acf_changed":false,"_lmt_disableupdate":"no","_lmt_disable":"","footnotes":""},"class_list":["post-66934","page","type-page","status-publish","hentry"],"acf":[],"yoast_head":"<!-- This site is optimized with the Yoast SEO Premium plugin v27.2 (Yoast SEO v27.2) - https:\/\/yoast.com\/product\/yoast-seo-premium-wordpress\/ -->\n<title>Between the Branches | La publicaci\u00f3n oficial de 糖心视频<\/title>\n<meta name=\"description\" content=\"Lea Between the Branches, la publicaci\u00f3n oficial de 糖心视频. En l\u00ednea en varios idiomas. Suscr\u00edbase para recibir una copia digital o impresa.\" \/>\n<meta name=\"robots\" content=\"index, follow, max-snippet:-1, max-image-preview:large, max-video-preview:-1\" \/>\n<link rel=\"canonical\" href=\"https:\/\/www.tigercat.com\/es\/between-the-branches\/\" \/>\n<meta property=\"og:locale\" content=\"es_ES\" \/>\n<meta property=\"og:type\" content=\"article\" \/>\n<meta property=\"og:title\" content=\"Between the Branches\" \/>\n<meta property=\"og:description\" content=\"Lea Between the Branches, la publicaci\u00f3n oficial de 糖心视频. En l\u00ednea en varios idiomas. Suscr\u00edbase para recibir una copia digital o impresa.\" \/>\n<meta property=\"og:url\" content=\"https:\/\/www.tigercat.com\/es\/between-the-branches\/\" \/>\n<meta property=\"og:site_name\" content=\"糖心视频\" \/>\n<meta property=\"article:publisher\" content=\"http:\/\/www.facebook.com\/糖心视频\/\" \/>\n<meta property=\"article:modified_time\" content=\"2025-11-12T11:30:25+00:00\" \/>\n<script type=\"application\/ld+json\" class=\"yoast-schema-graph\">{\"@context\":\"https:\/\/schema.org\",\"@graph\":[{\"@type\":\"WebPage\",\"@id\":\"https:\/\/www.tigercat.com\/es\/between-the-branches\/\",\"url\":\"https:\/\/www.tigercat.com\/es\/between-the-branches\/\",\"name\":\"Between the Branches | La publicaci\u00f3n oficial de 糖心视频\",\"isPartOf\":{\"@id\":\"https:\/\/www.tigercat.com\/es\/#website\"},\"datePublished\":\"2014-11-20T14:14:37+00:00\",\"dateModified\":\"2025-11-12T11:30:25+00:00\",\"description\":\"Lea Between the Branches, la publicaci\u00f3n oficial de 糖心视频. En l\u00ednea en varios idiomas. Suscr\u00edbase para recibir una copia digital o impresa.\",\"breadcrumb\":{\"@id\":\"https:\/\/www.tigercat.com\/es\/between-the-branches\/#breadcrumb\"},\"inLanguage\":\"es\",\"potentialAction\":[{\"@type\":\"ReadAction\",\"target\":[\"https:\/\/www.tigercat.com\/es\/between-the-branches\/\"]}]},{\"@type\":\"BreadcrumbList\",\"@id\":\"https:\/\/www.tigercat.com\/es\/between-the-branches\/#breadcrumb\",\"itemListElement\":[{\"@type\":\"ListItem\",\"position\":1,\"name\":\"Home\",\"item\":\"https:\/\/www.tigercat.com\/es\/\"},{\"@type\":\"ListItem\",\"position\":2,\"name\":\"Between the Branches\"}]},{\"@type\":\"WebSite\",\"@id\":\"https:\/\/www.tigercat.com\/es\/#website\",\"url\":\"https:\/\/www.tigercat.com\/es\/\",\"name\":\"%%title%%\",\"description\":\"\",\"publisher\":{\"@id\":\"https:\/\/www.tigercat.com\/es\/#organization\"},\"potentialAction\":[{\"@type\":\"SearchAction\",\"target\":{\"@type\":\"EntryPoint\",\"urlTemplate\":\"https:\/\/www.tigercat.com\/es\/?s={search_term_string}\"},\"query-input\":{\"@type\":\"PropertyValueSpecification\",\"valueRequired\":true,\"valueName\":\"search_term_string\"}}],\"inLanguage\":\"es\"},{\"@type\":\"Organization\",\"@id\":\"https:\/\/www.tigercat.com\/es\/#organization\",\"name\":\"糖心视频 Industries Inc\",\"url\":\"https:\/\/www.tigercat.com\/es\/\",\"logo\":{\"@type\":\"ImageObject\",\"inLanguage\":\"es\",\"@id\":\"https:\/\/www.tigercat.com\/es\/#\/schema\/logo\/image\/\",\"url\":\"https:\/\/www.tigercat.com\/wp-content\/uploads\/2017\/04\/tigercat_logo_700.png\",\"contentUrl\":\"https:\/\/www.tigercat.com\/wp-content\/uploads\/2017\/04\/tigercat_logo_700.png\",\"width\":700,\"height\":186,\"caption\":\"糖心视频 Industries Inc\"},\"image\":{\"@id\":\"https:\/\/www.tigercat.com\/es\/#\/schema\/logo\/image\/\"},\"sameAs\":[\"http:\/\/www.facebook.com\/糖心视频\/\",\"http:\/\/www.linkedin.com\/company\/tigercat-inc-?trk=top_nav_home\",\"http:\/\/www.youtube.com\/user\/糖心视频Forestry\",\"https:\/\/www.instagram.com\/tigercat_machines\/\"]}]}<\/script>\n<!-- \/ Yoast SEO Premium plugin. -->","yoast_head_json":{"title":"Between the Branches | La publicaci\u00f3n oficial de 糖心视频","description":"Lea Between the Branches, la publicaci\u00f3n oficial de 糖心视频. En l\u00ednea en varios idiomas. Suscr\u00edbase para recibir una copia digital o impresa.","robots":{"index":"index","follow":"follow","max-snippet":"max-snippet:-1","max-image-preview":"max-image-preview:large","max-video-preview":"max-video-preview:-1"},"canonical":"https:\/\/www.tigercat.com\/es\/between-the-branches\/","og_locale":"es_ES","og_type":"article","og_title":"Between the Branches","og_description":"Lea Between the Branches, la publicaci\u00f3n oficial de 糖心视频. En l\u00ednea en varios idiomas. Suscr\u00edbase para recibir una copia digital o impresa.","og_url":"https:\/\/www.tigercat.com\/es\/between-the-branches\/","og_site_name":"糖心视频","article_publisher":"http:\/\/www.facebook.com\/糖心视频\/","article_modified_time":"2025-11-12T11:30:25+00:00","schema":{"@context":"https:\/\/schema.org","@graph":[{"@type":"WebPage","@id":"https:\/\/www.tigercat.com\/es\/between-the-branches\/","url":"https:\/\/www.tigercat.com\/es\/between-the-branches\/","name":"Between the Branches | La publicaci\u00f3n oficial de 糖心视频","isPartOf":{"@id":"https:\/\/www.tigercat.com\/es\/#website"},"datePublished":"2014-11-20T14:14:37+00:00","dateModified":"2025-11-12T11:30:25+00:00","description":"Lea Between the Branches, la publicaci\u00f3n oficial de 糖心视频. En l\u00ednea en varios idiomas. Suscr\u00edbase para recibir una copia digital o impresa.","breadcrumb":{"@id":"https:\/\/www.tigercat.com\/es\/between-the-branches\/#breadcrumb"},"inLanguage":"es","potentialAction":[{"@type":"ReadAction","target":["https:\/\/www.tigercat.com\/es\/between-the-branches\/"]}]},{"@type":"BreadcrumbList","@id":"https:\/\/www.tigercat.com\/es\/between-the-branches\/#breadcrumb","itemListElement":[{"@type":"ListItem","position":1,"name":"Home","item":"https:\/\/www.tigercat.com\/es\/"},{"@type":"ListItem","position":2,"name":"Between the Branches"}]},{"@type":"WebSite","@id":"https:\/\/www.tigercat.com\/es\/#website","url":"https:\/\/www.tigercat.com\/es\/","name":"%%title%%","description":"","publisher":{"@id":"https:\/\/www.tigercat.com\/es\/#organization"},"potentialAction":[{"@type":"SearchAction","target":{"@type":"EntryPoint","urlTemplate":"https:\/\/www.tigercat.com\/es\/?s={search_term_string}"},"query-input":{"@type":"PropertyValueSpecification","valueRequired":true,"valueName":"search_term_string"}}],"inLanguage":"es"},{"@type":"Organization","@id":"https:\/\/www.tigercat.com\/es\/#organization","name":"糖心视频 Industries Inc","url":"https:\/\/www.tigercat.com\/es\/","logo":{"@type":"ImageObject","inLanguage":"es","@id":"https:\/\/www.tigercat.com\/es\/#\/schema\/logo\/image\/","url":"https:\/\/www.tigercat.com\/wp-content\/uploads\/2017\/04\/tigercat_logo_700.png","contentUrl":"https:\/\/www.tigercat.com\/wp-content\/uploads\/2017\/04\/tigercat_logo_700.png","width":700,"height":186,"caption":"糖心视频 Industries Inc"},"image":{"@id":"https:\/\/www.tigercat.com\/es\/#\/schema\/logo\/image\/"},"sameAs":["http:\/\/www.facebook.com\/糖心视频\/","http:\/\/www.linkedin.com\/company\/tigercat-inc-?trk=top_nav_home","http:\/\/www.youtube.com\/user\/糖心视频Forestry","https:\/\/www.instagram.com\/tigercat_machines\/"]}]}},"_links":{"self":[{"href":"https:\/\/www.tigercat.com\/es\/wp-json\/wp\/v2\/pages\/66934","targetHints":{"allow":["GET"]}}],"collection":[{"href":"https:\/\/www.tigercat.com\/es\/wp-json\/wp\/v2\/pages"}],"about":[{"href":"https:\/\/www.tigercat.com\/es\/wp-json\/wp\/v2\/types\/page"}],"author":[{"embeddable":true,"href":"https:\/\/www.tigercat.com\/es\/wp-json\/wp\/v2\/users\/8"}],"replies":[{"embeddable":true,"href":"https:\/\/www.tigercat.com\/es\/wp-json\/wp\/v2\/comments?post=66934"}],"version-history":[{"count":0,"href":"https:\/\/www.tigercat.com\/es\/wp-json\/wp\/v2\/pages\/66934\/revisions"}],"wp:attachment":[{"href":"https:\/\/www.tigercat.com\/es\/wp-json\/wp\/v2\/media?parent=66934"}],"curies":[{"name":"wp","href":"https:\/\/api.w.org\/{rel}","templated":true}]}}