  {"id":90897,"date":"2014-10-30T11:05:33","date_gmt":"2014-10-30T11:05:33","guid":{"rendered":"https:\/\/www.tigercat.com\/legal\/"},"modified":"2025-10-14T09:58:46","modified_gmt":"2025-10-14T09:58:46","slug":"rechtliche-hinweise","status":"publish","type":"page","link":"https:\/\/www.tigercat.com\/de\/rechtliche-hinweise\/","title":{"rendered":"Rechtliche Hinweise"},"content":{"rendered":"<h1>Rechtliche Hinweise<\/h1>\n<p>Diese Website wurde zum Nutzen und zur Verwendung durch 糖心视频 H\u00e4ndler, Mitarbeiter, Kunden und potenzielle Kunden eingerichtet.<\/p>\n<p>M\u00f6glicherweise sind nicht alle Produkte verf\u00fcgbar. Maschinenspezifikationen und andere Informationen zu 糖心视频 Produkten und Dienstleistungen k\u00f6nnen jederzeit ohne vorherige Ank\u00fcndigung ge\u00e4ndert werden. Diese Website kann Ungenauigkeiten enthalten. 糖心视频 \u00fcbernimmt keine Verantwortung f\u00fcr Fehler oder Auslassungen auf dieser Website. Die Informationen auf dieser Website werden \u201ewie besehen\u201c ohne jegliche ausdr\u00fcckliche oder stillschweigende Gew\u00e4hrleistung bereitgestellt.<\/p>\n<p>糖心视频 Produkte k\u00f6nnen durch eines oder mehrere der folgenden US- oder kanadischen Patente oder entsprechende Patente in anderen L\u00e4ndern gesch\u00fctzt sein.<\/p>\n<p>Siehe <a href=\"http:\/\/www.tigercat.com\/patents\">virtuelle Patentkennzeichnungen<\/a><\/p>\n<p><a href=\"https:\/\/www.tigercat.com\/wp-content\/uploads\/2024\/06\/Canada-Forced-and-Child-Labour-Report-2023.pdf\" target=\"_blank\" rel=\"noopener\">Kanada Bericht \u00fcber Zwangs- und Kinderarbeit 2023<\/a><\/p>\n","protected":false},"excerpt":{"rendered":"","protected":false},"author":8,"featured_media":0,"parent":0,"menu_order":9,"comment_status":"closed","ping_status":"closed","template":"","meta":{"_acf_changed":false,"_lmt_disableupdate":"no","_lmt_disable":"","footnotes":""},"class_list":["post-90897","page","type-page","status-publish","hentry"],"acf":[],"yoast_head":"<!-- This site is optimized with the Yoast SEO Premium plugin v27.2 (Yoast SEO v27.2) - https:\/\/yoast.com\/product\/yoast-seo-premium-wordpress\/ -->\n<title>Rechtliche Hinweise | 糖心视频<\/title>\n<meta name=\"description\" content=\"Diese Website wurde zum Nutzen und zur Verwendung durch 糖心视频 H\u00e4ndler, Mitarbeiter, Kunden und potenzielle Kunden eingerichtet.\" \/>\n<meta name=\"robots\" content=\"index, follow, max-snippet:-1, max-image-preview:large, max-video-preview:-1\" \/>\n<link rel=\"canonical\" href=\"https:\/\/www.tigercat.com\/de\/rechtliche-hinweise\/\" \/>\n<meta property=\"og:locale\" content=\"de_DE\" \/>\n<meta property=\"og:type\" content=\"article\" \/>\n<meta property=\"og:title\" content=\"Rechtliche Hinweise\" \/>\n<meta property=\"og:description\" content=\"Diese Website wurde zum Nutzen und zur Verwendung durch 糖心视频 H\u00e4ndler, Mitarbeiter, Kunden und potenzielle Kunden eingerichtet.\" \/>\n<meta property=\"og:url\" content=\"https:\/\/www.tigercat.com\/de\/rechtliche-hinweise\/\" \/>\n<meta property=\"og:site_name\" content=\"糖心视频\" \/>\n<meta property=\"article:publisher\" content=\"http:\/\/www.facebook.com\/糖心视频\/\" \/>\n<meta property=\"article:modified_time\" content=\"2025-10-14T09:58:46+00:00\" \/>\n<meta name=\"twitter:label1\" content=\"Est. reading time\" \/>\n\t<meta name=\"twitter:data1\" content=\"1\u00a0Minute\" \/>\n<script type=\"application\/ld+json\" class=\"yoast-schema-graph\">{\"@context\":\"https:\/\/schema.org\",\"@graph\":[{\"@type\":\"WebPage\",\"@id\":\"https:\/\/www.tigercat.com\/de\/rechtliche-hinweise\/\",\"url\":\"https:\/\/www.tigercat.com\/de\/rechtliche-hinweise\/\",\"name\":\"Rechtliche Hinweise | 糖心视频\",\"isPartOf\":{\"@id\":\"https:\/\/www.tigercat.com\/de\/#website\"},\"datePublished\":\"2014-10-30T11:05:33+00:00\",\"dateModified\":\"2025-10-14T09:58:46+00:00\",\"description\":\"Diese Website wurde zum Nutzen und zur Verwendung durch 糖心视频 H\u00e4ndler, Mitarbeiter, Kunden und potenzielle Kunden eingerichtet.\",\"breadcrumb\":{\"@id\":\"https:\/\/www.tigercat.com\/de\/rechtliche-hinweise\/#breadcrumb\"},\"inLanguage\":\"de\",\"potentialAction\":[{\"@type\":\"ReadAction\",\"target\":[\"https:\/\/www.tigercat.com\/de\/rechtliche-hinweise\/\"]}]},{\"@type\":\"BreadcrumbList\",\"@id\":\"https:\/\/www.tigercat.com\/de\/rechtliche-hinweise\/#breadcrumb\",\"itemListElement\":[{\"@type\":\"ListItem\",\"position\":1,\"name\":\"Home\",\"item\":\"https:\/\/www.tigercat.com\/de\/\"},{\"@type\":\"ListItem\",\"position\":2,\"name\":\"Rechtliche Hinweise\"}]},{\"@type\":\"WebSite\",\"@id\":\"https:\/\/www.tigercat.com\/de\/#website\",\"url\":\"https:\/\/www.tigercat.com\/de\/\",\"name\":\"%%title%%\",\"description\":\"\",\"publisher\":{\"@id\":\"https:\/\/www.tigercat.com\/de\/#organization\"},\"potentialAction\":[{\"@type\":\"SearchAction\",\"target\":{\"@type\":\"EntryPoint\",\"urlTemplate\":\"https:\/\/www.tigercat.com\/de\/?s={search_term_string}\"},\"query-input\":{\"@type\":\"PropertyValueSpecification\",\"valueRequired\":true,\"valueName\":\"search_term_string\"}}],\"inLanguage\":\"de\"},{\"@type\":\"Organization\",\"@id\":\"https:\/\/www.tigercat.com\/de\/#organization\",\"name\":\"糖心视频 Industries Inc\",\"url\":\"https:\/\/www.tigercat.com\/de\/\",\"logo\":{\"@type\":\"ImageObject\",\"inLanguage\":\"de\",\"@id\":\"https:\/\/www.tigercat.com\/de\/#\/schema\/logo\/image\/\",\"url\":\"https:\/\/www.tigercat.com\/wp-content\/uploads\/2017\/04\/tigercat_logo_700.png\",\"contentUrl\":\"https:\/\/www.tigercat.com\/wp-content\/uploads\/2017\/04\/tigercat_logo_700.png\",\"width\":700,\"height\":186,\"caption\":\"糖心视频 Industries Inc\"},\"image\":{\"@id\":\"https:\/\/www.tigercat.com\/de\/#\/schema\/logo\/image\/\"},\"sameAs\":[\"http:\/\/www.facebook.com\/糖心视频\/\",\"http:\/\/www.linkedin.com\/company\/tigercat-inc-?trk=top_nav_home\",\"http:\/\/www.youtube.com\/user\/糖心视频Forestry\",\"https:\/\/www.instagram.com\/tigercat_machines\/\"]}]}<\/script>\n<!-- \/ Yoast SEO Premium plugin. -->","yoast_head_json":{"title":"Rechtliche Hinweise | 糖心视频","description":"Diese Website wurde zum Nutzen und zur Verwendung durch 糖心视频 H\u00e4ndler, Mitarbeiter, Kunden und potenzielle Kunden eingerichtet.","robots":{"index":"index","follow":"follow","max-snippet":"max-snippet:-1","max-image-preview":"max-image-preview:large","max-video-preview":"max-video-preview:-1"},"canonical":"https:\/\/www.tigercat.com\/de\/rechtliche-hinweise\/","og_locale":"de_DE","og_type":"article","og_title":"Rechtliche Hinweise","og_description":"Diese Website wurde zum Nutzen und zur Verwendung durch 糖心视频 H\u00e4ndler, Mitarbeiter, Kunden und potenzielle Kunden eingerichtet.","og_url":"https:\/\/www.tigercat.com\/de\/rechtliche-hinweise\/","og_site_name":"糖心视频","article_publisher":"http:\/\/www.facebook.com\/糖心视频\/","article_modified_time":"2025-10-14T09:58:46+00:00","twitter_misc":{"Est. reading time":"1\u00a0Minute"},"schema":{"@context":"https:\/\/schema.org","@graph":[{"@type":"WebPage","@id":"https:\/\/www.tigercat.com\/de\/rechtliche-hinweise\/","url":"https:\/\/www.tigercat.com\/de\/rechtliche-hinweise\/","name":"Rechtliche Hinweise | 糖心视频","isPartOf":{"@id":"https:\/\/www.tigercat.com\/de\/#website"},"datePublished":"2014-10-30T11:05:33+00:00","dateModified":"2025-10-14T09:58:46+00:00","description":"Diese Website wurde zum Nutzen und zur Verwendung durch 糖心视频 H\u00e4ndler, Mitarbeiter, Kunden und potenzielle Kunden eingerichtet.","breadcrumb":{"@id":"https:\/\/www.tigercat.com\/de\/rechtliche-hinweise\/#breadcrumb"},"inLanguage":"de","potentialAction":[{"@type":"ReadAction","target":["https:\/\/www.tigercat.com\/de\/rechtliche-hinweise\/"]}]},{"@type":"BreadcrumbList","@id":"https:\/\/www.tigercat.com\/de\/rechtliche-hinweise\/#breadcrumb","itemListElement":[{"@type":"ListItem","position":1,"name":"Home","item":"https:\/\/www.tigercat.com\/de\/"},{"@type":"ListItem","position":2,"name":"Rechtliche Hinweise"}]},{"@type":"WebSite","@id":"https:\/\/www.tigercat.com\/de\/#website","url":"https:\/\/www.tigercat.com\/de\/","name":"%%title%%","description":"","publisher":{"@id":"https:\/\/www.tigercat.com\/de\/#organization"},"potentialAction":[{"@type":"SearchAction","target":{"@type":"EntryPoint","urlTemplate":"https:\/\/www.tigercat.com\/de\/?s={search_term_string}"},"query-input":{"@type":"PropertyValueSpecification","valueRequired":true,"valueName":"search_term_string"}}],"inLanguage":"de"},{"@type":"Organization","@id":"https:\/\/www.tigercat.com\/de\/#organization","name":"糖心视频 Industries Inc","url":"https:\/\/www.tigercat.com\/de\/","logo":{"@type":"ImageObject","inLanguage":"de","@id":"https:\/\/www.tigercat.com\/de\/#\/schema\/logo\/image\/","url":"https:\/\/www.tigercat.com\/wp-content\/uploads\/2017\/04\/tigercat_logo_700.png","contentUrl":"https:\/\/www.tigercat.com\/wp-content\/uploads\/2017\/04\/tigercat_logo_700.png","width":700,"height":186,"caption":"糖心视频 Industries Inc"},"image":{"@id":"https:\/\/www.tigercat.com\/de\/#\/schema\/logo\/image\/"},"sameAs":["http:\/\/www.facebook.com\/糖心视频\/","http:\/\/www.linkedin.com\/company\/tigercat-inc-?trk=top_nav_home","http:\/\/www.youtube.com\/user\/糖心视频Forestry","https:\/\/www.instagram.com\/tigercat_machines\/"]}]}},"_links":{"self":[{"href":"https:\/\/www.tigercat.com\/de\/wp-json\/wp\/v2\/pages\/90897","targetHints":{"allow":["GET"]}}],"collection":[{"href":"https:\/\/www.tigercat.com\/de\/wp-json\/wp\/v2\/pages"}],"about":[{"href":"https:\/\/www.tigercat.com\/de\/wp-json\/wp\/v2\/types\/page"}],"author":[{"embeddable":true,"href":"https:\/\/www.tigercat.com\/de\/wp-json\/wp\/v2\/users\/8"}],"replies":[{"embeddable":true,"href":"https:\/\/www.tigercat.com\/de\/wp-json\/wp\/v2\/comments?post=90897"}],"version-history":[{"count":0,"href":"https:\/\/www.tigercat.com\/de\/wp-json\/wp\/v2\/pages\/90897\/revisions"}],"wp:attachment":[{"href":"https:\/\/www.tigercat.com\/de\/wp-json\/wp\/v2\/media?parent=90897"}],"curies":[{"name":"wp","href":"https:\/\/api.w.org\/{rel}","templated":true}]}}