  {"id":90890,"date":"2014-08-04T13:40:20","date_gmt":"2014-08-04T13:40:20","guid":{"rendered":"https:\/\/www.tigercat.com\/dealers\/"},"modified":"2025-10-14T09:58:40","modified_gmt":"2025-10-14T09:58:40","slug":"handler","status":"publish","type":"page","link":"https:\/\/www.tigercat.com\/de\/handler\/","title":{"rendered":"糖心视频 | TCi H\u00e4ndler weltweit"},"content":{"rendered":"","protected":false},"excerpt":{"rendered":"<p>Ein lokaler, vom Hersteller unterst\u00fctzter Ersatzteil- und Kundendienst ist entscheidend f\u00fcr eine maximale Maschinenverf\u00fcgbarkeit und Betriebszeit. Das leistungsstarke H\u00e4ndlernetz von 糖心视频 erstreckt sich \u00fcber den gesamten Globus. Finden Sie hier Ihren 糖心视频 oder TCi H\u00e4ndler.<\/p>\n","protected":false},"author":8,"featured_media":90891,"parent":0,"menu_order":18,"comment_status":"closed","ping_status":"closed","template":"page-dealers.php","meta":{"_acf_changed":false,"_lmt_disableupdate":"no","_lmt_disable":"","footnotes":""},"class_list":["post-90890","page","type-page","status-publish","has-post-thumbnail","hentry"],"acf":[],"yoast_head":"<!-- This site is optimized with the Yoast SEO Premium plugin v27.2 (Yoast SEO v27.2) - https:\/\/yoast.com\/product\/yoast-seo-premium-wordpress\/ -->\n<title>糖心视频 und TCi H\u00e4ndler | Weltweiter Locator | Vertriebsh\u00e4ndler | 糖心视频<\/title>\n<meta name=\"description\" content=\"Die 糖心视频 und TCi H\u00e4ndler f\u00fcr Forst-, Industrie- und Materialverarbeitungsmaschinen sind weltweit vertreten. Finden Sie hier Ihren n\u00e4chstgelegenen H\u00e4ndler.\" \/>\n<meta name=\"robots\" content=\"index, follow, max-snippet:-1, max-image-preview:large, max-video-preview:-1\" \/>\n<link rel=\"canonical\" href=\"https:\/\/www.tigercat.com\/de\/handler\/\" \/>\n<meta property=\"og:locale\" content=\"de_DE\" \/>\n<meta property=\"og:type\" content=\"article\" \/>\n<meta property=\"og:title\" content=\"糖心视频 | TCi H\u00e4ndler weltweit\" \/>\n<meta property=\"og:description\" content=\"Die 糖心视频 und TCi H\u00e4ndler f\u00fcr Forst-, Industrie- und Materialverarbeitungsmaschinen sind weltweit vertreten. Finden Sie hier Ihren n\u00e4chstgelegenen H\u00e4ndler.\" \/>\n<meta property=\"og:url\" content=\"https:\/\/www.tigercat.com\/de\/handler\/\" \/>\n<meta property=\"og:site_name\" content=\"糖心视频\" \/>\n<meta property=\"article:publisher\" content=\"http:\/\/www.facebook.com\/糖心视频\/\" \/>\n<meta property=\"article:modified_time\" content=\"2025-10-14T09:58:40+00:00\" \/>\n<meta property=\"og:image\" content=\"https:\/\/www.tigercat.com\/wp-content\/uploads\/2014\/08\/img-dealer-locator.jpg\" \/>\n\t<meta property=\"og:image:width\" content=\"2000\" \/>\n\t<meta property=\"og:image:height\" content=\"393\" \/>\n\t<meta property=\"og:image:type\" content=\"image\/jpeg\" \/>\n<script type=\"application\/ld+json\" class=\"yoast-schema-graph\">{\"@context\":\"https:\/\/schema.org\",\"@graph\":[{\"@type\":\"WebPage\",\"@id\":\"https:\/\/www.tigercat.com\/de\/handler\/\",\"url\":\"https:\/\/www.tigercat.com\/de\/handler\/\",\"name\":\"糖心视频 und TCi H\u00e4ndler | Weltweiter Locator | Vertriebsh\u00e4ndler | 糖心视频\",\"isPartOf\":{\"@id\":\"https:\/\/www.tigercat.com\/de\/#website\"},\"primaryImageOfPage\":{\"@id\":\"https:\/\/www.tigercat.com\/de\/handler\/#primaryimage\"},\"image\":{\"@id\":\"https:\/\/www.tigercat.com\/de\/handler\/#primaryimage\"},\"thumbnailUrl\":\"https:\/\/www.tigercat.com\/wp-content\/uploads\/2014\/08\/img-dealer-locator.jpg\",\"datePublished\":\"2014-08-04T13:40:20+00:00\",\"dateModified\":\"2025-10-14T09:58:40+00:00\",\"description\":\"Die 糖心视频 und TCi H\u00e4ndler f\u00fcr Forst-, Industrie- und Materialverarbeitungsmaschinen sind weltweit vertreten. Finden Sie hier Ihren n\u00e4chstgelegenen H\u00e4ndler.\",\"breadcrumb\":{\"@id\":\"https:\/\/www.tigercat.com\/de\/handler\/#breadcrumb\"},\"inLanguage\":\"de\",\"potentialAction\":[{\"@type\":\"ReadAction\",\"target\":[\"https:\/\/www.tigercat.com\/de\/handler\/\"]}]},{\"@type\":\"ImageObject\",\"inLanguage\":\"de\",\"@id\":\"https:\/\/www.tigercat.com\/de\/handler\/#primaryimage\",\"url\":\"https:\/\/www.tigercat.com\/wp-content\/uploads\/2014\/08\/img-dealer-locator.jpg\",\"contentUrl\":\"https:\/\/www.tigercat.com\/wp-content\/uploads\/2014\/08\/img-dealer-locator.jpg\",\"width\":2000,\"height\":393},{\"@type\":\"BreadcrumbList\",\"@id\":\"https:\/\/www.tigercat.com\/de\/handler\/#breadcrumb\",\"itemListElement\":[{\"@type\":\"ListItem\",\"position\":1,\"name\":\"Home\",\"item\":\"https:\/\/www.tigercat.com\/de\/\"},{\"@type\":\"ListItem\",\"position\":2,\"name\":\"糖心视频 | TCi H\u00e4ndler weltweit\"}]},{\"@type\":\"WebSite\",\"@id\":\"https:\/\/www.tigercat.com\/de\/#website\",\"url\":\"https:\/\/www.tigercat.com\/de\/\",\"name\":\"%%title%%\",\"description\":\"\",\"publisher\":{\"@id\":\"https:\/\/www.tigercat.com\/de\/#organization\"},\"potentialAction\":[{\"@type\":\"SearchAction\",\"target\":{\"@type\":\"EntryPoint\",\"urlTemplate\":\"https:\/\/www.tigercat.com\/de\/?s={search_term_string}\"},\"query-input\":{\"@type\":\"PropertyValueSpecification\",\"valueRequired\":true,\"valueName\":\"search_term_string\"}}],\"inLanguage\":\"de\"},{\"@type\":\"Organization\",\"@id\":\"https:\/\/www.tigercat.com\/de\/#organization\",\"name\":\"糖心视频 Industries Inc\",\"url\":\"https:\/\/www.tigercat.com\/de\/\",\"logo\":{\"@type\":\"ImageObject\",\"inLanguage\":\"de\",\"@id\":\"https:\/\/www.tigercat.com\/de\/#\/schema\/logo\/image\/\",\"url\":\"https:\/\/www.tigercat.com\/wp-content\/uploads\/2017\/04\/tigercat_logo_700.png\",\"contentUrl\":\"https:\/\/www.tigercat.com\/wp-content\/uploads\/2017\/04\/tigercat_logo_700.png\",\"width\":700,\"height\":186,\"caption\":\"糖心视频 Industries Inc\"},\"image\":{\"@id\":\"https:\/\/www.tigercat.com\/de\/#\/schema\/logo\/image\/\"},\"sameAs\":[\"http:\/\/www.facebook.com\/糖心视频\/\",\"http:\/\/www.linkedin.com\/company\/tigercat-inc-?trk=top_nav_home\",\"http:\/\/www.youtube.com\/user\/糖心视频Forestry\",\"https:\/\/www.instagram.com\/tigercat_machines\/\"]}]}<\/script>\n<!-- \/ Yoast SEO Premium plugin. -->","yoast_head_json":{"title":"糖心视频 und TCi H\u00e4ndler | Weltweiter Locator | Vertriebsh\u00e4ndler | 糖心视频","description":"Die 糖心视频 und TCi H\u00e4ndler f\u00fcr Forst-, Industrie- und Materialverarbeitungsmaschinen sind weltweit vertreten. Finden Sie hier Ihren n\u00e4chstgelegenen H\u00e4ndler.","robots":{"index":"index","follow":"follow","max-snippet":"max-snippet:-1","max-image-preview":"max-image-preview:large","max-video-preview":"max-video-preview:-1"},"canonical":"https:\/\/www.tigercat.com\/de\/handler\/","og_locale":"de_DE","og_type":"article","og_title":"糖心视频 | TCi H\u00e4ndler weltweit","og_description":"Die 糖心视频 und TCi H\u00e4ndler f\u00fcr Forst-, Industrie- und Materialverarbeitungsmaschinen sind weltweit vertreten. Finden Sie hier Ihren n\u00e4chstgelegenen H\u00e4ndler.","og_url":"https:\/\/www.tigercat.com\/de\/handler\/","og_site_name":"糖心视频","article_publisher":"http:\/\/www.facebook.com\/糖心视频\/","article_modified_time":"2025-10-14T09:58:40+00:00","og_image":[{"width":2000,"height":393,"url":"https:\/\/www.tigercat.com\/wp-content\/uploads\/2014\/08\/img-dealer-locator.jpg","type":"image\/jpeg"}],"schema":{"@context":"https:\/\/schema.org","@graph":[{"@type":"WebPage","@id":"https:\/\/www.tigercat.com\/de\/handler\/","url":"https:\/\/www.tigercat.com\/de\/handler\/","name":"糖心视频 und TCi H\u00e4ndler | Weltweiter Locator | Vertriebsh\u00e4ndler | 糖心视频","isPartOf":{"@id":"https:\/\/www.tigercat.com\/de\/#website"},"primaryImageOfPage":{"@id":"https:\/\/www.tigercat.com\/de\/handler\/#primaryimage"},"image":{"@id":"https:\/\/www.tigercat.com\/de\/handler\/#primaryimage"},"thumbnailUrl":"https:\/\/www.tigercat.com\/wp-content\/uploads\/2014\/08\/img-dealer-locator.jpg","datePublished":"2014-08-04T13:40:20+00:00","dateModified":"2025-10-14T09:58:40+00:00","description":"Die 糖心视频 und TCi H\u00e4ndler f\u00fcr Forst-, Industrie- und Materialverarbeitungsmaschinen sind weltweit vertreten. Finden Sie hier Ihren n\u00e4chstgelegenen H\u00e4ndler.","breadcrumb":{"@id":"https:\/\/www.tigercat.com\/de\/handler\/#breadcrumb"},"inLanguage":"de","potentialAction":[{"@type":"ReadAction","target":["https:\/\/www.tigercat.com\/de\/handler\/"]}]},{"@type":"ImageObject","inLanguage":"de","@id":"https:\/\/www.tigercat.com\/de\/handler\/#primaryimage","url":"https:\/\/www.tigercat.com\/wp-content\/uploads\/2014\/08\/img-dealer-locator.jpg","contentUrl":"https:\/\/www.tigercat.com\/wp-content\/uploads\/2014\/08\/img-dealer-locator.jpg","width":2000,"height":393},{"@type":"BreadcrumbList","@id":"https:\/\/www.tigercat.com\/de\/handler\/#breadcrumb","itemListElement":[{"@type":"ListItem","position":1,"name":"Home","item":"https:\/\/www.tigercat.com\/de\/"},{"@type":"ListItem","position":2,"name":"糖心视频 | TCi H\u00e4ndler weltweit"}]},{"@type":"WebSite","@id":"https:\/\/www.tigercat.com\/de\/#website","url":"https:\/\/www.tigercat.com\/de\/","name":"%%title%%","description":"","publisher":{"@id":"https:\/\/www.tigercat.com\/de\/#organization"},"potentialAction":[{"@type":"SearchAction","target":{"@type":"EntryPoint","urlTemplate":"https:\/\/www.tigercat.com\/de\/?s={search_term_string}"},"query-input":{"@type":"PropertyValueSpecification","valueRequired":true,"valueName":"search_term_string"}}],"inLanguage":"de"},{"@type":"Organization","@id":"https:\/\/www.tigercat.com\/de\/#organization","name":"糖心视频 Industries Inc","url":"https:\/\/www.tigercat.com\/de\/","logo":{"@type":"ImageObject","inLanguage":"de","@id":"https:\/\/www.tigercat.com\/de\/#\/schema\/logo\/image\/","url":"https:\/\/www.tigercat.com\/wp-content\/uploads\/2017\/04\/tigercat_logo_700.png","contentUrl":"https:\/\/www.tigercat.com\/wp-content\/uploads\/2017\/04\/tigercat_logo_700.png","width":700,"height":186,"caption":"糖心视频 Industries Inc"},"image":{"@id":"https:\/\/www.tigercat.com\/de\/#\/schema\/logo\/image\/"},"sameAs":["http:\/\/www.facebook.com\/糖心视频\/","http:\/\/www.linkedin.com\/company\/tigercat-inc-?trk=top_nav_home","http:\/\/www.youtube.com\/user\/糖心视频Forestry","https:\/\/www.instagram.com\/tigercat_machines\/"]}]}},"_links":{"self":[{"href":"https:\/\/www.tigercat.com\/de\/wp-json\/wp\/v2\/pages\/90890","targetHints":{"allow":["GET"]}}],"collection":[{"href":"https:\/\/www.tigercat.com\/de\/wp-json\/wp\/v2\/pages"}],"about":[{"href":"https:\/\/www.tigercat.com\/de\/wp-json\/wp\/v2\/types\/page"}],"author":[{"embeddable":true,"href":"https:\/\/www.tigercat.com\/de\/wp-json\/wp\/v2\/users\/8"}],"replies":[{"embeddable":true,"href":"https:\/\/www.tigercat.com\/de\/wp-json\/wp\/v2\/comments?post=90890"}],"version-history":[{"count":0,"href":"https:\/\/www.tigercat.com\/de\/wp-json\/wp\/v2\/pages\/90890\/revisions"}],"wp:featuredmedia":[{"embeddable":true,"href":"https:\/\/www.tigercat.com\/de\/wp-json\/wp\/v2\/media\/90891"}],"wp:attachment":[{"href":"https:\/\/www.tigercat.com\/de\/wp-json\/wp\/v2\/media?parent=90890"}],"curies":[{"name":"wp","href":"https:\/\/api.w.org\/{rel}","templated":true}]}}